{"id":7077,"date":"2021-02-09T15:04:50","date_gmt":"2021-02-09T14:04:50","guid":{"rendered":"https:\/\/niedobylska.com\/burn-it\/?post_type=product&#038;p=7077"},"modified":"2024-07-26T14:58:39","modified_gmt":"2024-07-26T12:58:39","slug":"t-shirt-blazing-flame","status":"publish","type":"product","link":"https:\/\/niedobylska.com\/burn-it\/product\/produkty\/koszulki\/koszulki-2-drop\/t-shirt-blazing-flame\/","title":{"rendered":"T-Shirt Blazing Flame"},"content":{"rendered":"<h3 style=\"text-align: center;\"><span style=\"color: #000000;\"><strong><b data-stringify-type=\"bold\">PO\u0141\u0104CZ SI\u0118 Z KOSZULK\u0104 BLAZING FLAME<\/b><\/strong><\/span><\/h3>\n<h6 style=\"text-align: center;\"><strong>\u00a0<\/strong><\/h6>\n<p><b>Koszulka Blazing Flame<\/b><span style=\"font-weight: 400;\"> podkre\u015bla sportowy charakter, dodaje lekko\u015bci, ubarwia trening i dobrze \u0142\u0105czy si\u0119 z ka\u017cdym kolorem kobieco\u015bci.<\/span><\/p>\n<p><span style=\"font-weight: 400;\">Lekki i przewiewny fason jest idealny na upalne dni ale przede wszystkim na nasze wsp\u00f3lne treningi podczas kt\u00f3rych p\u0142onie w nas energia!<\/span><\/p>\n<p><b>Koszulka <\/b><b>Blazing Flame<\/b><span style=\"font-weight: 400;\"> zosta\u0142a zaprojektowana przez za\u0142o\u017cycielk\u0119 <\/span><b>Burn It<\/b><span style=\"font-weight: 400;\"> dla wszystkich kobiet, kt\u00f3re ka\u017cdego dnia daj\u0105 z siebie <\/span><b>100% procent<\/b><span style=\"font-weight: 400;\"> \u2013 na treningu i poza nim. <\/span><b>To dla Was!<\/b><\/p>\n<h3><\/h3>\n<h3><b><br \/>\nOpis:<\/b><\/h3>\n<p><b>Koszulka Blazing Flame<\/b> <b>jest uszyta z Tri-blend\u2019u<\/b><span style=\"font-weight: 400;\">, to po\u0142\u0105czenie trzech r\u00f3\u017cnych tkanin, kt\u00f3re zapewniaj\u0105 delikatno\u015b\u0107 i lekko\u015b\u0107<\/span> <span style=\"font-weight: 400;\">oraz<\/span> <span style=\"font-weight: 400;\">swobod\u0119 ruch\u00f3w, bez wzgl\u0119du na to jak wymagaj\u0105cy jest trening. Materia\u0142 jest ultra lekki i mi\u0142y w dotyku a przede wszystkim oddychaj\u0105cy, co jest bardzo istotne w odzie\u017cy sportowej.<\/span><\/p>\n<h3><b><br \/>\nCechy:<\/b><\/h3>\n<ul>\n<li><strong>Sk\u0142ad:<\/strong> Triblend &#8211; 50% poliester, 25% bawe\u0142na Ring Spun, 25% wiskoza<\/li>\n<li><strong>Fason\u00a0:<\/strong> Lekko dopasowany<\/li>\n<li><strong>Gramatura:<\/strong> 159gr\/m^2<\/li>\n<li><strong>Metoda nadruku:<\/strong> Sitodruk<\/li>\n<li><b>Kolory: <\/b><span style=\"font-weight: 400;\">czerwony, grafitowy, indygo, czarny, szary<\/span><\/li>\n<\/ul>\n<h3><b><br \/>\nPiel\u0119gnacja<\/b><\/h3>\n<ul class=\"p-rich_text_list p-rich_text_list__bullet\" data-stringify-type=\"unordered-list\" data-indent=\"0\">\n<li data-stringify-indent=\"0\">Pra\u0107 r\u0119cznie lub w pralce w 30 stopniach<\/li>\n<li data-stringify-indent=\"0\">Powy\u017cej 40 stopni koszulka kurczy si\u0119 w praniu od 10 do 15%<\/li>\n<li data-stringify-indent=\"0\">Nie nale\u017cy u\u017cywa\u0107 wybielaczy<\/li>\n<li data-stringify-indent=\"0\"><b data-stringify-type=\"bold\">Prasowa\u0107 tylko po lewej stronie<\/b><\/li>\n<\/ul>\n<h1 style=\"text-align: center;\"><\/h1>\n<h1 style=\"text-align: center;\"><\/h1>\n","protected":false},"excerpt":{"rendered":"<p>PO\u0141\u0104CZ SI\u0118 Z KOSZULK\u0104 BLAZING FLAME \u00a0 Koszulka Blazing Flame podkre\u015bla sportowy charakter, dodaje lekko\u015bci, ubarwia trening i dobrze \u0142\u0105czy si\u0119 z ka\u017cdym kolorem kobieco\u015bci. Lekki i przewiewny fason jest idealny na upalne dni ale przede wszystkim na nasze wsp\u00f3lne treningi podczas kt\u00f3rych p\u0142onie w nas energia! Koszulka Blazing Flame zosta\u0142a zaprojektowana przez za\u0142o\u017cycielk\u0119 Burn [&hellip;]<\/p>\n","protected":false},"featured_media":7930,"comment_status":"open","ping_status":"closed","template":"","meta":{"_acf_changed":false},"product_brand":[],"product_cat":[37,56,204,36],"product_tag":[],"class_list":{"0":"post-7077","1":"product","2":"type-product","3":"status-publish","4":"has-post-thumbnail","6":"product_cat-koszulki","7":"product_cat-koszulki-2-drop","8":"product_cat-ostatnie-sztuki","9":"product_cat-produkty","11":"first","12":"instock","13":"sale","14":"taxable","15":"shipping-taxable","16":"purchasable","17":"product-type-variable","18":"has-default-attributes"},"acf":{"image":{"ID":7960,"id":7960,"title":"rozmar\u00f3wka","filename":"rozmarowka.png","filesize":26304,"url":"https:\/\/niedobylska.com\/burn-it\/wp-content\/uploads\/2021\/02\/rozmarowka.png","link":"https:\/\/niedobylska.com\/burn-it\/?attachment_id=7960","alt":"","author":"2598","description":"","caption":"","name":"rozmarowka","status":"inherit","uploaded_to":7079,"date":"2021-02-20 19:58:39","modified":"2021-02-21 08:45:26","menu_order":0,"mime_type":"image\/png","type":"image","subtype":"png","icon":"https:\/\/niedobylska.com\/burn-it\/wp-includes\/images\/media\/default.png","width":720,"height":300,"sizes":{"thumbnail":"https:\/\/niedobylska.com\/burn-it\/wp-content\/uploads\/2021\/02\/rozmarowka-150x150.png","thumbnail-width":150,"thumbnail-height":150,"medium":"https:\/\/niedobylska.com\/burn-it\/wp-content\/uploads\/2021\/02\/rozmarowka-300x125.png","medium-width":300,"medium-height":125,"medium_large":"https:\/\/niedobylska.com\/burn-it\/wp-content\/uploads\/2021\/02\/rozmarowka.png","medium_large-width":640,"medium_large-height":267,"large":"https:\/\/niedobylska.com\/burn-it\/wp-content\/uploads\/2021\/02\/rozmarowka.png","large-width":640,"large-height":267,"1536x1536":"https:\/\/niedobylska.com\/burn-it\/wp-content\/uploads\/2021\/02\/rozmarowka.png","1536x1536-width":720,"1536x1536-height":300,"2048x2048":"https:\/\/niedobylska.com\/burn-it\/wp-content\/uploads\/2021\/02\/rozmarowka.png","2048x2048-width":720,"2048x2048-height":300,"gamipress-points":"https:\/\/niedobylska.com\/burn-it\/wp-content\/uploads\/2021\/02\/rozmarowka-50x21.png","gamipress-points-width":50,"gamipress-points-height":21,"gamipress-achievement":"https:\/\/niedobylska.com\/burn-it\/wp-content\/uploads\/2021\/02\/rozmarowka-100x42.png","gamipress-achievement-width":100,"gamipress-achievement-height":42,"gamipress-rank":"https:\/\/niedobylska.com\/burn-it\/wp-content\/uploads\/2021\/02\/rozmarowka-100x42.png","gamipress-rank-width":100,"gamipress-rank-height":42,"woocommerce_thumbnail":"https:\/\/niedobylska.com\/burn-it\/wp-content\/uploads\/2021\/02\/rozmarowka-300x300.png","woocommerce_thumbnail-width":300,"woocommerce_thumbnail-height":300,"woocommerce_single":"https:\/\/niedobylska.com\/burn-it\/wp-content\/uploads\/2021\/02\/rozmarowka-600x250.png","woocommerce_single-width":600,"woocommerce_single-height":250,"woocommerce_gallery_thumbnail":"https:\/\/niedobylska.com\/burn-it\/wp-content\/uploads\/2021\/02\/rozmarowka-100x100.png","woocommerce_gallery_thumbnail-width":100,"woocommerce_gallery_thumbnail-height":100}},"motyw_kolorystyczny":{"kolor_przewodni":"#fbbbab","kolor_dodatkowy":"#ffffff"},"dla_kogo":"","miejsce":"","jaki_sprzet":false,"system_treningowy":"","ile_trwa_trening":"","ile_trwa_kurs":"","czestotliwosc":false,"co_dalej":"","ikony":false,"skrot_trening":false,"feature_img_title":{"linia_1":"","linia_2":""},"feature_img_hover":false,"feature_img_video":{"miniaturka":false,"video_id":""},"premiera_wkrotce":false,"wpaffilate_product":false,"pokaz_etykiete_promocji":"false"},"_links":{"self":[{"href":"https:\/\/niedobylska.com\/burn-it\/wp-json\/wp\/v2\/product\/7077","targetHints":{"allow":["GET"]}}],"collection":[{"href":"https:\/\/niedobylska.com\/burn-it\/wp-json\/wp\/v2\/product"}],"about":[{"href":"https:\/\/niedobylska.com\/burn-it\/wp-json\/wp\/v2\/types\/product"}],"replies":[{"embeddable":true,"href":"https:\/\/niedobylska.com\/burn-it\/wp-json\/wp\/v2\/comments?post=7077"}],"version-history":[{"count":1,"href":"https:\/\/niedobylska.com\/burn-it\/wp-json\/wp\/v2\/product\/7077\/revisions"}],"predecessor-version":[{"id":7078,"href":"https:\/\/niedobylska.com\/burn-it\/wp-json\/wp\/v2\/product\/7077\/revisions\/7078"}],"wp:featuredmedia":[{"embeddable":true,"href":"https:\/\/niedobylska.com\/burn-it\/wp-json\/wp\/v2\/media\/7930"}],"wp:attachment":[{"href":"https:\/\/niedobylska.com\/burn-it\/wp-json\/wp\/v2\/media?parent=7077"}],"wp:term":[{"taxonomy":"product_brand","embeddable":true,"href":"https:\/\/niedobylska.com\/burn-it\/wp-json\/wp\/v2\/product_brand?post=7077"},{"taxonomy":"product_cat","embeddable":true,"href":"https:\/\/niedobylska.com\/burn-it\/wp-json\/wp\/v2\/product_cat?post=7077"},{"taxonomy":"product_tag","embeddable":true,"href":"https:\/\/niedobylska.com\/burn-it\/wp-json\/wp\/v2\/product_tag?post=7077"}],"curies":[{"name":"wp","href":"https:\/\/api.w.org\/{rel}","templated":true}]}}