{"id":26507,"date":"2023-06-08T13:15:18","date_gmt":"2023-06-08T11:15:18","guid":{"rendered":"https:\/\/niedobylska.com\/burn-it\/?post_type=product&#038;p=26507"},"modified":"2023-06-14T11:23:55","modified_gmt":"2023-06-14T09:23:55","slug":"pakiet-ebook","status":"publish","type":"product","link":"https:\/\/niedobylska.com\/burn-it\/product\/bez-kategorii\/pakiet-ebook\/","title":{"rendered":"Ebook \u2013 Najlepsze placki i nale\u015bniki by BURN IT + Ebook \u2013 Kontrola g\u0142odu i syto\u015bci. Czyli jak nie by\u0107 g\u0142odnym na diecie redukcyjnej."},"content":{"rendered":"","protected":false},"excerpt":{"rendered":"","protected":false},"featured_media":0,"comment_status":"open","ping_status":"closed","template":"","meta":{"_acf_changed":false},"product_brand":[],"product_cat":[15],"product_tag":[],"class_list":{"0":"post-26507","1":"product","2":"type-product","3":"status-publish","5":"product_cat-bez-kategorii","7":"first","8":"instock","9":"sale","10":"virtual","11":"sold-individually","12":"taxable","13":"purchasable","14":"product-type-woosb"},"acf":{"wpaffilate_product":false,"image":false,"pokaz_etykiete_promocji":"false","motyw_kolorystyczny":{"kolor_przewodni":"#fbbbab","kolor_dodatkowy":"#ffffff"},"dla_kogo":"","miejsce":"","jaki_sprzet":false,"system_treningowy":"","ile_trwa_trening":"","ile_trwa_kurs":"","czestotliwosc":false,"co_dalej":"","ikony":false,"skrot_trening":false,"feature_img_title":{"linia_1":"","linia_2":""},"feature_img_hover":false,"feature_img_video":{"miniaturka":false,"video_id":""},"premiera_wkrotce":false},"_links":{"self":[{"href":"https:\/\/niedobylska.com\/burn-it\/wp-json\/wp\/v2\/product\/26507","targetHints":{"allow":["GET"]}}],"collection":[{"href":"https:\/\/niedobylska.com\/burn-it\/wp-json\/wp\/v2\/product"}],"about":[{"href":"https:\/\/niedobylska.com\/burn-it\/wp-json\/wp\/v2\/types\/product"}],"replies":[{"embeddable":true,"href":"https:\/\/niedobylska.com\/burn-it\/wp-json\/wp\/v2\/comments?post=26507"}],"version-history":[{"count":1,"href":"https:\/\/niedobylska.com\/burn-it\/wp-json\/wp\/v2\/product\/26507\/revisions"}],"predecessor-version":[{"id":26538,"href":"https:\/\/niedobylska.com\/burn-it\/wp-json\/wp\/v2\/product\/26507\/revisions\/26538"}],"wp:attachment":[{"href":"https:\/\/niedobylska.com\/burn-it\/wp-json\/wp\/v2\/media?parent=26507"}],"wp:term":[{"taxonomy":"product_brand","embeddable":true,"href":"https:\/\/niedobylska.com\/burn-it\/wp-json\/wp\/v2\/product_brand?post=26507"},{"taxonomy":"product_cat","embeddable":true,"href":"https:\/\/niedobylska.com\/burn-it\/wp-json\/wp\/v2\/product_cat?post=26507"},{"taxonomy":"product_tag","embeddable":true,"href":"https:\/\/niedobylska.com\/burn-it\/wp-json\/wp\/v2\/product_tag?post=26507"}],"curies":[{"name":"wp","href":"https:\/\/api.w.org\/{rel}","templated":true}]}}