{"id":23049,"date":"2022-12-08T10:28:00","date_gmt":"2022-12-08T09:28:00","guid":{"rendered":"https:\/\/niedobylska.com\/burn-it\/produkt\/strong-home-gym-5-0-booty-builder-copy\/"},"modified":"2023-02-16T10:10:44","modified_gmt":"2023-02-16T09:10:44","slug":"strong-home-gym-6-0","status":"publish","type":"product","link":"https:\/\/niedobylska.com\/burn-it\/product\/pakiet\/strong\/plany-strong-home-gym\/strong-home-gym-6-0\/","title":{"rendered":"Strong Home Gym 6.0 &#8211; BOOTY BUILDER 2"},"content":{"rendered":"","protected":false},"excerpt":{"rendered":"","protected":false},"featured_media":23153,"comment_status":"closed","ping_status":"closed","template":"templates\/landing-for-product.php","meta":{"_acf_changed":false},"product_brand":[],"product_cat":[30,185,184,32],"product_tag":[29,196],"class_list":{"0":"post-23049","1":"product","2":"type-product","3":"status-publish","4":"has-post-thumbnail","6":"product_cat-pakiet","7":"product_cat-pakiety-treningowe-bazowe","8":"product_cat-plany-strong-home-gym","9":"product_cat-strong","10":"product_tag-fitness","11":"product_tag-pakiet-treningowy-bazowy","13":"first","14":"instock","15":"virtual","16":"sold-individually","17":"taxable","18":"purchasable","19":"product-type-course"},"acf":{"dla_kogo":"dla kobiet w ka\u017cdym wieku, zar\u00f3wno pocz\u0105tkuj\u0105cych, jak i \u015bredniozaawansowanych<br \/>\r\n","miejsce":"W domu","jaki_sprzet":[{"sprzet":"hantle - 2 szt."},{"sprzet":"gumy oporowe mini band (zestaw)"},{"sprzet":"gumy oporowe power band - min. 2 sztuki (op\u00f3r 3-16 kg)"},{"sprzet":"krzes\u0142o "}],"ile_trwa_trening":"ok. 70-85 min (w zale\u017cno\u015bci od tygodnia)","ile_trwa_kurs":"4 tygodnie. DOST\u0118P DO PLANU JEST DO\u017bYWOTNI.","czestotliwosc":[{"frequency":"4 x w tygodniu"}],"ikony":[{"ikona":"dom","opis_pola":"Trenuj w domu"},{"ikona":"gim","opis_pola":"Trenuj na si\u0142owni"}],"feature_img_title":{"linia_1":"STR","linia_2":"ONG"},"feature_img_hover":{"ID":2469,"id":2469,"title":"strong-movie-background","filename":"strong-movie-background.mp4","filesize":58616,"url":"https:\/\/niedobylska.com\/burn-it\/wp-content\/uploads\/2020\/04\/strong-movie-background.mp4","link":"https:\/\/niedobylska.com\/burn-it\/?attachment_id=2469","alt":"","author":"2598","description":"","caption":"","name":"strong-movie-background","status":"inherit","uploaded_to":1834,"date":"2020-07-05 17:53:27","modified":"2020-07-05 17:53:27","menu_order":0,"mime_type":"video\/mp4","type":"video","subtype":"mp4","icon":"https:\/\/niedobylska.com\/burn-it\/wp-includes\/images\/media\/video.png","width":320,"height":180},"kolor_przewodni":"blue","feature_img_video":{"miniaturka":{"ID":5780,"id":5780,"title":"5.0","filename":"5.0.jpg","filesize":128121,"url":"https:\/\/niedobylska.com\/burn-it\/wp-content\/uploads\/2020\/12\/5.0.jpg","link":"https:\/\/niedobylska.com\/burn-it\/?attachment_id=5780","alt":"","author":"659","description":"","caption":"","name":"5-0","status":"inherit","uploaded_to":5871,"date":"2020-12-30 12:44:28","modified":"2021-02-26 09:35:48","menu_order":0,"mime_type":"image\/jpeg","type":"image","subtype":"jpeg","icon":"https:\/\/niedobylska.com\/burn-it\/wp-includes\/images\/media\/default.png","width":1608,"height":1038,"sizes":{"thumbnail":"https:\/\/niedobylska.com\/burn-it\/wp-content\/uploads\/2020\/12\/5.0-150x150.jpg","thumbnail-width":150,"thumbnail-height":150,"medium":"https:\/\/niedobylska.com\/burn-it\/wp-content\/uploads\/2020\/12\/5.0-300x194.jpg","medium-width":300,"medium-height":194,"medium_large":"https:\/\/niedobylska.com\/burn-it\/wp-content\/uploads\/2020\/12\/5.0-768x496.jpg","medium_large-width":640,"medium_large-height":413,"large":"https:\/\/niedobylska.com\/burn-it\/wp-content\/uploads\/2020\/12\/5.0-1024x661.jpg","large-width":640,"large-height":413,"1536x1536":"https:\/\/niedobylska.com\/burn-it\/wp-content\/uploads\/2020\/12\/5.0-1536x992.jpg","1536x1536-width":1536,"1536x1536-height":992,"2048x2048":"https:\/\/niedobylska.com\/burn-it\/wp-content\/uploads\/2020\/12\/5.0.jpg","2048x2048-width":1608,"2048x2048-height":1038,"gamipress-points":"https:\/\/niedobylska.com\/burn-it\/wp-content\/uploads\/2020\/12\/5.0-50x32.jpg","gamipress-points-width":50,"gamipress-points-height":32,"gamipress-achievement":"https:\/\/niedobylska.com\/burn-it\/wp-content\/uploads\/2020\/12\/5.0-100x65.jpg","gamipress-achievement-width":100,"gamipress-achievement-height":65,"gamipress-rank":"https:\/\/niedobylska.com\/burn-it\/wp-content\/uploads\/2020\/12\/5.0-100x65.jpg","gamipress-rank-width":100,"gamipress-rank-height":65,"woocommerce_thumbnail":"https:\/\/niedobylska.com\/burn-it\/wp-content\/uploads\/2020\/12\/5.0-300x300.jpg","woocommerce_thumbnail-width":300,"woocommerce_thumbnail-height":300,"woocommerce_single":"https:\/\/niedobylska.com\/burn-it\/wp-content\/uploads\/2020\/12\/5.0-600x387.jpg","woocommerce_single-width":600,"woocommerce_single-height":387,"woocommerce_gallery_thumbnail":"https:\/\/niedobylska.com\/burn-it\/wp-content\/uploads\/2020\/12\/5.0-100x100.jpg","woocommerce_gallery_thumbnail-width":100,"woocommerce_gallery_thumbnail-height":100}},"video_id":"469447702"},"premiera_wkrotce":false,"motyw_kolorystyczny":{"kolor_przewodni":"#121210","kolor_dodatkowy":"#fbbbab"},"skrot_trening":[{"skrot":"dom"},{"skrot":"si\u0142ownia"}],"co_dalej":"STAY TUNED","system_treningowy":"BOOTY BUILDER","image":false,"sekcja_glowna":{"naglowek":"STRONG HOME GYM 6.0 - Booty Builder 2","kolor":"","podnaglowek":"OSTATNI KROK DZIELI CI\u0118 OD PIERWSZEGO TRENINGU","podnaglowek_kolor":"","dodatkowy_akapit":"Zam\u00f3w plan treningowy i zacznij dzia\u0142a\u0107!","dodatkowy_akapit_kolor":"","zdjecie_tla":"https:\/\/niedobylska.com\/burn-it\/wp-content\/uploads\/2022\/12\/zdjecie-tlo-gora-wp-SHG-6.0.jpg","zdjecie_tla_mobile":"https:\/\/niedobylska.com\/burn-it\/wp-content\/uploads\/2022\/12\/tlo-mobile-SHG-6.0.jpg","film":{"grafika_w_tle":false,"video":""}},"sekcje":[{"acf_fc_layout":"zamowienie_produktu","naglowek":"","podnaglowek":"","produkty":[{"ID":23049,"post_author":"12","post_date":"2022-12-08 10:28:00","post_date_gmt":"2022-12-08 09:28:00","post_content":"","post_title":"Strong Home Gym 6.0 - BOOTY BUILDER 2","post_excerpt":"","post_status":"publish","comment_status":"closed","ping_status":"closed","post_password":"","post_name":"strong-home-gym-6-0","to_ping":"","pinged":"","post_modified":"2023-02-16 10:10:44","post_modified_gmt":"2023-02-16 09:10:44","post_content_filtered":"","post_parent":0,"guid":"https:\/\/niedobylska.com\/burn-it\/produkt\/strong-home-gym-5-0-booty-builder-copy\/","menu_order":0,"post_type":"product","post_mime_type":"","comment_count":"0","filter":"raw"}],"tekst_przycisku_do_kupowania":"ZAMAWIAM","id_sekcji":"kup"}],"sekcja_kontaktowa":{"naglowek":"Masz wi\u0119cej pyta\u0144?","podnaglowek":"Skontaktuj si\u0119 z nami!","shortcode_formularza":"[contact-form-7 id=\"6942\" title=\"Skontaktuj si\u0119\"]","tekst_w_tle_pierwszy":"KONTAKT","tekst_w_tle_drugi":"Z NAMI","tekst_przed_linkami_do_innych_planow":"","linki_do_innych_planow":false},"wpaffilate_product":false,"materialy_treningowe":[{"ID":525,"post_author":"2598","post_date":"2020-01-13 10:05:14","post_date_gmt":"2020-01-13 09:05:14","post_content":"","post_title":"Strong Home Gym","post_excerpt":"","post_status":"publish","comment_status":"closed","ping_status":"closed","post_password":"","post_name":"burn-it-strong","to_ping":"","pinged":"","post_modified":"2024-01-30 12:38:36","post_modified_gmt":"2024-01-30 11:38:36","post_content_filtered":"","post_parent":0,"guid":"https:\/\/niedobylska.com\/burn-it\/?post_type=pakiety&#038;p=525","menu_order":0,"post_type":"pakiety","post_mime_type":"","comment_count":"0","filter":"raw"}],"pokaz_etykiete_promocji":"false"},"_links":{"self":[{"href":"https:\/\/niedobylska.com\/burn-it\/wp-json\/wp\/v2\/product\/23049","targetHints":{"allow":["GET"]}}],"collection":[{"href":"https:\/\/niedobylska.com\/burn-it\/wp-json\/wp\/v2\/product"}],"about":[{"href":"https:\/\/niedobylska.com\/burn-it\/wp-json\/wp\/v2\/types\/product"}],"replies":[{"embeddable":true,"href":"https:\/\/niedobylska.com\/burn-it\/wp-json\/wp\/v2\/comments?post=23049"}],"version-history":[{"count":2,"href":"https:\/\/niedobylska.com\/burn-it\/wp-json\/wp\/v2\/product\/23049\/revisions"}],"predecessor-version":[{"id":23818,"href":"https:\/\/niedobylska.com\/burn-it\/wp-json\/wp\/v2\/product\/23049\/revisions\/23818"}],"wp:featuredmedia":[{"embeddable":true,"href":"https:\/\/niedobylska.com\/burn-it\/wp-json\/wp\/v2\/media\/23153"}],"wp:attachment":[{"href":"https:\/\/niedobylska.com\/burn-it\/wp-json\/wp\/v2\/media?parent=23049"}],"wp:term":[{"taxonomy":"product_brand","embeddable":true,"href":"https:\/\/niedobylska.com\/burn-it\/wp-json\/wp\/v2\/product_brand?post=23049"},{"taxonomy":"product_cat","embeddable":true,"href":"https:\/\/niedobylska.com\/burn-it\/wp-json\/wp\/v2\/product_cat?post=23049"},{"taxonomy":"product_tag","embeddable":true,"href":"https:\/\/niedobylska.com\/burn-it\/wp-json\/wp\/v2\/product_tag?post=23049"}],"curies":[{"name":"wp","href":"https:\/\/api.w.org\/{rel}","templated":true}]}}