{"id":18612,"date":"2021-12-14T13:28:58","date_gmt":"2021-12-14T12:28:58","guid":{"rendered":"https:\/\/niedobylska.com\/burn-it\/?post_type=product&#038;p=18612"},"modified":"2024-02-21T20:44:29","modified_gmt":"2024-02-21T19:44:29","slug":"voucher-na-plan-zywieniowy","status":"publish","type":"product","link":"https:\/\/niedobylska.com\/burn-it\/product\/produkty\/vouchery\/voucher-na-plan-zywieniowy\/","title":{"rendered":"Voucher na plan \u017cywieniowy"},"content":{"rendered":"<div>\n<p><strong>Czym jest Voucher na plan \u017cywieniowy Burn It?<\/strong><\/p>\n<p>&nbsp;<\/p>\n<\/div>\n<div>Voucher dzia\u0142a jak karta podarunkowa z kodem. Umo\u017cliwia on zakup dowolnego planu \u017cywieniowego w dowolnej kaloryczno\u015bci:<\/div>\n<ul>\n<li>\n<div>Dieta Zbilansowana<\/div>\n<\/li>\n<li>\n<div>Dieta Low Carb<\/div>\n<\/li>\n<li>\n<div>Dieta IF<\/div>\n<\/li>\n<li>Dieta Active Wege<\/li>\n<li>Dieta Strong<\/li>\n<\/ul>\n<div>Plany \u017cywieniowe Burn It to doskona\u0142y prezent zar\u00f3wno dla os\u00f3b, kt\u00f3re stawiaj\u0105 dopiero pierwsze kroki w tematach \u017cywienia, jak r\u00f3wnie\u017c dla os\u00f3b zaawansowanych.<\/div>\n<div><\/div>\n<div>\n<p><strong>Jak dzia\u0142a Voucher?<\/strong><\/p>\n<p>&nbsp;<\/p>\n<\/div>\n<div>Przy zakupie Voucheru mo\u017cesz dokona\u0107 wyboru czy chcesz aby:<\/div>\n<ul>\n<li>\n<div>zosta\u0142 on bezpo\u015brednio wys\u0142any mailem do osoby, kt\u00f3r\u0105 chcesz nim obdarowa\u0107;<\/div>\n<\/li>\n<li>\n<div>czy jednak chcesz go wydrukowa\u0107 i wr\u0119czy\u0107 indywidualnie<\/div>\n<\/li>\n<\/ul>\n<div>Obie opcje zawieraj\u0105 szczeg\u00f3\u0142ow\u0105 instrukcj\u0119. Zrealizuje go nawet osoba, kt\u00f3ra do tej pory nie zna\u0142a platformy Burn It.<\/div>\n<div><\/div>\n<div>\n<p><strong>Dla kogo Voucher?<\/strong><\/p>\n<p>&nbsp;<\/p>\n<\/div>\n<div>Voucher sprawdzi si\u0119 jako prezent dla:<\/div>\n<ul>\n<li>\n<div>kobiety, \u017cony, dziewczyny, narzeczonej<\/div>\n<\/li>\n<li>\n<div>mi\u0142o\u015bniczek aktywno\u015bci fizycznej<\/div>\n<\/li>\n<li>\n<div>dziewczyn trenuj\u0105cych w domu<\/div>\n<\/li>\n<li>\n<div>kogo\u015b, komu brakuje motywacji<\/div>\n<\/li>\n<\/ul>\n<div><\/div>\n<div><\/div>\n<div>\n<p><strong>Do kiedy Voucher jest wa\u017cny?<\/strong><\/p>\n<p>&nbsp;<\/p>\n<\/div>\n<div>Voucher wa\u017cny jest 100 dni od daty zakupu.<\/div>\n","protected":false},"excerpt":{"rendered":"<p>Czym jest Voucher na plan \u017cywieniowy Burn It? &nbsp; Voucher dzia\u0142a jak karta podarunkowa z kodem. Umo\u017cliwia on zakup dowolnego planu \u017cywieniowego w dowolnej kaloryczno\u015bci: Dieta Zbilansowana Dieta Low Carb Dieta IF Dieta Active Wege Dieta Strong Plany \u017cywieniowe Burn It to doskona\u0142y prezent zar\u00f3wno dla os\u00f3b, kt\u00f3re stawiaj\u0105 dopiero pierwsze kroki w tematach \u017cywienia, [&hellip;]<\/p>\n","protected":false},"featured_media":18678,"comment_status":"open","ping_status":"closed","template":"","meta":{"_acf_changed":false},"product_brand":[],"product_cat":[36,51],"product_tag":[],"class_list":{"0":"post-18612","1":"product","2":"type-product","3":"status-publish","4":"has-post-thumbnail","6":"product_cat-produkty","7":"product_cat-vouchery","9":"first","10":"instock","11":"virtual","12":"taxable","13":"purchasable","14":"product-type-simple"},"acf":{"wpaffilate_product":false,"image":false,"motyw_kolorystyczny":{"kolor_przewodni":"#fbbbab","kolor_dodatkowy":"#ffffff"},"dla_kogo":"","miejsce":"","jaki_sprzet":false,"system_treningowy":"","ile_trwa_trening":"","ile_trwa_kurs":"","czestotliwosc":false,"co_dalej":"","ikony":false,"skrot_trening":false,"feature_img_title":{"linia_1":"","linia_2":""},"feature_img_hover":false,"feature_img_video":{"miniaturka":false,"video_id":""},"premiera_wkrotce":false,"pokaz_etykiete_promocji":"false"},"_links":{"self":[{"href":"https:\/\/niedobylska.com\/burn-it\/wp-json\/wp\/v2\/product\/18612","targetHints":{"allow":["GET"]}}],"collection":[{"href":"https:\/\/niedobylska.com\/burn-it\/wp-json\/wp\/v2\/product"}],"about":[{"href":"https:\/\/niedobylska.com\/burn-it\/wp-json\/wp\/v2\/types\/product"}],"replies":[{"embeddable":true,"href":"https:\/\/niedobylska.com\/burn-it\/wp-json\/wp\/v2\/comments?post=18612"}],"version-history":[{"count":2,"href":"https:\/\/niedobylska.com\/burn-it\/wp-json\/wp\/v2\/product\/18612\/revisions"}],"predecessor-version":[{"id":25526,"href":"https:\/\/niedobylska.com\/burn-it\/wp-json\/wp\/v2\/product\/18612\/revisions\/25526"}],"wp:featuredmedia":[{"embeddable":true,"href":"https:\/\/niedobylska.com\/burn-it\/wp-json\/wp\/v2\/media\/18678"}],"wp:attachment":[{"href":"https:\/\/niedobylska.com\/burn-it\/wp-json\/wp\/v2\/media?parent=18612"}],"wp:term":[{"taxonomy":"product_brand","embeddable":true,"href":"https:\/\/niedobylska.com\/burn-it\/wp-json\/wp\/v2\/product_brand?post=18612"},{"taxonomy":"product_cat","embeddable":true,"href":"https:\/\/niedobylska.com\/burn-it\/wp-json\/wp\/v2\/product_cat?post=18612"},{"taxonomy":"product_tag","embeddable":true,"href":"https:\/\/niedobylska.com\/burn-it\/wp-json\/wp\/v2\/product_tag?post=18612"}],"curies":[{"name":"wp","href":"https:\/\/api.w.org\/{rel}","templated":true}]}}