{"id":14004,"date":"2021-07-06T18:09:38","date_gmt":"2021-07-06T16:09:38","guid":{"rendered":"https:\/\/niedobylska.com\/burn-it\/produkt\/trening-live-109-shape-and-burn-copy\/"},"modified":"2021-09-30T14:33:56","modified_gmt":"2021-09-30T12:33:56","slug":"trening-live-110-strong-fbw","status":"publish","type":"product","link":"https:\/\/niedobylska.com\/burn-it\/product\/bez-kategorii\/treningi-live\/trening-live-110-strong-fbw\/","title":{"rendered":"Nagranie &#8211; #110 Strong FBW"},"content":{"rendered":"<p>Cze\u015b\u0107 Moja Strong Siostro,<\/p>\n<p>Zapraszam serdecznie na trening online z serii:<\/p>\n<p>\ud83d\udd25<strong>#wtorekzNiedobylsk\u0105<\/strong>\ud83d\udd25<\/p>\n<p>MOCNY!!!!\u00a0<span class=\"c-emoji c-emoji__medium c-emoji--inline\" data-qa=\"emoji\" data-sk=\"tooltip_parent\"><img decoding=\"async\" src=\"https:\/\/a.slack-edge.com\/production-standard-emoji-assets\/13.0\/google-medium\/1f525.png\" alt=\":fire:\" aria-label=\"fire emoji\" data-stringify-type=\"emoji\" data-stringify-emoji=\":fire:\" \/><\/span><span class=\"c-emoji c-emoji__medium c-emoji--inline\" data-qa=\"emoji\" data-sk=\"tooltip_parent\"><img decoding=\"async\" src=\"https:\/\/a.slack-edge.com\/production-standard-emoji-assets\/13.0\/google-medium\/1f525.png\" alt=\":fire:\" aria-label=\"fire emoji\" data-stringify-type=\"emoji\" data-stringify-emoji=\":fire:\" \/><\/span><span class=\"c-emoji c-emoji__medium c-emoji--inline\" data-qa=\"emoji\" data-sk=\"tooltip_parent\"><img decoding=\"async\" src=\"https:\/\/a.slack-edge.com\/production-standard-emoji-assets\/13.0\/google-medium\/1f525.png\" alt=\":fire:\" aria-label=\"fire emoji\" data-stringify-type=\"emoji\" data-stringify-emoji=\":fire:\" \/><\/span>\u00a0czyli taki jaki sama wybra\u0142a\u015b w niedzielnej ankiecie&#8230;<br \/>\nPANIE I PANOWIE &#8211; przed we wtorek STRONG FBW <span class=\"c-emoji c-emoji__medium c-emoji--inline\" data-qa=\"emoji\" data-sk=\"tooltip_parent\"><img decoding=\"async\" src=\"https:\/\/a.slack-edge.com\/production-standard-emoji-assets\/13.0\/google-medium\/1f525.png\" alt=\":fire:\" aria-label=\"fire emoji\" data-stringify-type=\"emoji\" data-stringify-emoji=\":fire:\" \/><\/span><span class=\"c-emoji c-emoji__medium c-emoji--inline\" data-qa=\"emoji\" data-sk=\"tooltip_parent\"><img decoding=\"async\" src=\"https:\/\/a.slack-edge.com\/production-standard-emoji-assets\/13.0\/google-medium\/1f525.png\" alt=\":fire:\" aria-label=\"fire emoji\" data-stringify-type=\"emoji\" data-stringify-emoji=\":fire:\" \/><\/span><span class=\"c-emoji c-emoji__medium c-emoji--inline\" data-qa=\"emoji\" data-sk=\"tooltip_parent\"><img decoding=\"async\" src=\"https:\/\/a.slack-edge.com\/production-standard-emoji-assets\/13.0\/google-medium\/1f525.png\" alt=\":fire:\" aria-label=\"fire emoji\" data-stringify-type=\"emoji\" data-stringify-emoji=\":fire:\" \/><\/span>!<\/p>\n<hr \/>\n<p><span style=\"color: #ff0000;\"><strong>Nagranie<\/strong><\/span><\/p>\n<p><strong><b data-stringify-type=\"bold\">#110 STRONG FBW \u2013 Trening si\u0142owy ca\u0142ego cia\u0142a.<\/b><\/strong><\/p>\n<p>To trening, w kt\u00f3rym wykorzystujemy dodatkowe obci\u0105\u017cenie i op\u00f3r jaki daj\u0105 nam gumy miniband i powerband.<\/p>\n<p>Po co? Po to, \u017ceby kszta\u0142towa\u0107 sylwetk\u0119 i wzmacnia\u0107 ca\u0142e cia\u0142o! Ale tak\u017ce po to, \u017ceby si\u0119 lepiej poczu\u0107!<\/p>\n<p>Dobry trening si\u0142owy daje niesamowitego kopa!<\/p>\n<p>Pracujemy na okre\u015blonej ilo\u015bci serii, powt\u00f3rze\u0144 oraz intensywno\u015bci (podanej przeze mnie podczas treningu).<\/p>\n<p><span class=\"c-emoji c-emoji__medium c-emoji--inline\" data-qa=\"emoji\" data-sk=\"tooltip_parent\"><img decoding=\"async\" src=\"https:\/\/a.slack-edge.com\/production-standard-emoji-assets\/13.0\/google-medium\/1f449.png\" alt=\":point_right:\" aria-label=\"point right emoji\" data-stringify-type=\"emoji\" data-stringify-emoji=\":point_right:\" \/><\/span>\u00a0Kszta\u0142tujesz sylwetk\u0119 + spalasz mn\u00f3stwo kalorii.<br \/>\nAby osi\u0105gn\u0105\u0107 po\u017c\u0105dany efekt potrzebny jest dodatkowy op\u00f3r: hantle lub\/i gumy oporowe.<\/p>\n<hr \/>\n<p><strong>DLA KOGO JEST TEN TRENING?<\/strong><br \/>\nJest to trening absolutnie dla ka\u017cdej kobiety &#8211; poniewa\u017c sama b\u0119dziesz regulowa\u0107 sobie ci\u0119\u017car i intensywno\u015b\u0107.<br \/>\nPodczas treningu b\u0119d\u0119 t\u0142umaczy\u0107 bardzo dok\u0142adnie jak wykona\u0107 ka\u017cde \u0107wiczenie, a dla \u0107wicze\u0144 trudniejszych b\u0119d\u0119 pokazywa\u0107 zamienniki dla os\u00f3b totalnie pocz\u0105tkuj\u0105cych.<\/p>\n<hr \/>\n<p><strong>CO POTRZEBUJESZ:<\/strong><\/p>\n<p>Do tego treningu potrzebujesz:<\/p>\n<ul class=\"p-rich_text_list p-rich_text_list__bullet\" data-stringify-type=\"unordered-list\" data-indent=\"0\">\n<li data-stringify-indent=\"0\">para hantli lub dwie butelki z wod\u0105<\/li>\n<li data-stringify-indent=\"0\">gumy oporowe miniband i powerband (przynajmniej po jednej).<\/li>\n<li data-stringify-indent=\"0\">mat\u0119.<\/li>\n<\/ul>\n<hr \/>\n<p class=\"p-rich_text_section\"><strong>JAK OTRZYMA\u0106 DOST\u0118P:<br \/>\n<\/strong><\/p>\n<ol>\n<li>\n<div><strong>Zakupi\u0107 powy\u017cszy produkt.<\/strong><\/div>\n<\/li>\n<li>\n<div>W ci\u0105gu 2-3 min od zakupu, na adres mail podany przy zakupie, otrzymasz mail zatytu\u0142owany <strong>&#8220;Dzi\u0119kujemy za zakupy w {Burn It!}&#8221;<\/strong> w kt\u00f3rym to znajdziesz sw\u00f3j indywidualny link\u00a0do treningu online.<\/div>\n<\/li>\n<\/ol>\n<hr \/>\n<p><strong>ODRABIANIE TRENINGU:<\/strong><\/p>\n<p>Wersja RAW czyli trening bez monta\u017cu dok\u0142adnie tak jak podczas treningu LIVE zostanie udost\u0119pniona tego samego dnia ok ~21:00 pod tym samym linkiem i has\u0142em.<br \/>\nWersja PRO czyli zmontowana wersja treningu w lepszej jako\u015bci zostanie udost\u0119pniona na maila osoby kupuj\u0105cej <span style=\"color: #ff0000;\"><strong>kolejnego dnia <\/strong><\/span>po LIVE.<br \/>\nOdrobienie treningu b\u0119dzie dost\u0119pne do ko\u0144ca tygodnia.<\/p>\n<hr \/>\n<p><strong>DOST\u0118PNO\u015a\u0106:<\/strong><br \/>\nPowy\u017cszy trening b\u0119dzie dost\u0119pny do zakupu <strong>do ko\u0144ca dnia w sobot\u0119.<\/strong><\/p>\n<hr \/>\n<p><strong>WYMAGANIA TECHNICZNE:<\/strong><\/p>\n<p><a href=\"https:\/\/knowledge.clickmeeting.com\/pl\/faq\/jakie-sa-wymagania-sprzetowe-oraz-oprogramowania-dotyczace-organizowania-wydarzen-na-platformie-clickmeeting\/\"><span style=\"color: #00ccff;\">Jakie s\u0105 wymagania sprz\u0119towe oraz oprogramowania?<\/span><\/a><\/p>\n<p><a href=\"https:\/\/knowledge.clickmeeting.com\/pl\/faq\/jakiego-lacza-potrzebuje-aby-moc-korzystac-z-platformy-clickmeeting\/\"><span style=\"color: #00ccff;\">Jakiego \u0142\u0105cza potrzebuj\u0119, aby m\u00f3c korzysta\u0107 z treningu LIVE?<\/span><\/a><\/p>\n<hr \/>\n<p><strong>Zapraszam Ci\u0119 Moja <span style=\"color: #993366;\">Strong Siostro<\/span>!<\/strong><br \/>\n<strong>B\u0119dzie ogie\u0144! \ud83d\udd25<br \/>\n<\/strong><\/p>\n<p>&nbsp;<\/p>\n","protected":false},"excerpt":{"rendered":"<h1><span style=\"color: #ff0000;\">Strong Full Body Workout<br \/>\n<\/span><\/h1>\n<p>&nbsp;<\/p>\n<p>&nbsp;<\/p>\n","protected":false},"featured_media":13728,"comment_status":"open","ping_status":"closed","template":"","meta":{"_acf_changed":false},"product_brand":[],"product_cat":[36,52],"product_tag":[],"class_list":{"0":"post-14004","1":"product","2":"type-product","3":"status-publish","4":"has-post-thumbnail","6":"product_cat-produkty","7":"product_cat-treningi-live","9":"first","10":"outofstock","11":"virtual","12":"sold-individually","13":"taxable","14":"purchasable","15":"product-type-simple"},"acf":{"image":false,"motyw_kolorystyczny":{"kolor_przewodni":"#fbbbab","kolor_dodatkowy":"#ffffff"},"dla_kogo":"","miejsce":"","jaki_sprzet":false,"system_treningowy":"","ile_trwa_trening":"","ile_trwa_kurs":"","czestotliwosc":false,"co_dalej":"","ikony":false,"skrot_trening":false,"feature_img_title":{"linia_1":"","linia_2":""},"feature_img_hover":false,"feature_img_video":{"miniaturka":false,"video_id":""},"premiera_wkrotce":false,"wpaffilate_product":false},"_links":{"self":[{"href":"https:\/\/niedobylska.com\/burn-it\/wp-json\/wp\/v2\/product\/14004","targetHints":{"allow":["GET"]}}],"collection":[{"href":"https:\/\/niedobylska.com\/burn-it\/wp-json\/wp\/v2\/product"}],"about":[{"href":"https:\/\/niedobylska.com\/burn-it\/wp-json\/wp\/v2\/types\/product"}],"replies":[{"embeddable":true,"href":"https:\/\/niedobylska.com\/burn-it\/wp-json\/wp\/v2\/comments?post=14004"}],"version-history":[{"count":1,"href":"https:\/\/niedobylska.com\/burn-it\/wp-json\/wp\/v2\/product\/14004\/revisions"}],"predecessor-version":[{"id":14005,"href":"https:\/\/niedobylska.com\/burn-it\/wp-json\/wp\/v2\/product\/14004\/revisions\/14005"}],"wp:featuredmedia":[{"embeddable":true,"href":"https:\/\/niedobylska.com\/burn-it\/wp-json\/wp\/v2\/media\/13728"}],"wp:attachment":[{"href":"https:\/\/niedobylska.com\/burn-it\/wp-json\/wp\/v2\/media?parent=14004"}],"wp:term":[{"taxonomy":"product_brand","embeddable":true,"href":"https:\/\/niedobylska.com\/burn-it\/wp-json\/wp\/v2\/product_brand?post=14004"},{"taxonomy":"product_cat","embeddable":true,"href":"https:\/\/niedobylska.com\/burn-it\/wp-json\/wp\/v2\/product_cat?post=14004"},{"taxonomy":"product_tag","embeddable":true,"href":"https:\/\/niedobylska.com\/burn-it\/wp-json\/wp\/v2\/product_tag?post=14004"}],"curies":[{"name":"wp","href":"https:\/\/api.w.org\/{rel}","templated":true}]}}