{"id":12998,"date":"2021-06-08T18:47:43","date_gmt":"2021-06-08T16:47:43","guid":{"rendered":"https:\/\/niedobylska.com\/burn-it\/produkt\/trening-live-107-upper-body-copy\/"},"modified":"2021-09-30T14:47:13","modified_gmt":"2021-09-30T12:47:13","slug":"trening-live-107-upper-body","status":"publish","type":"product","link":"https:\/\/niedobylska.com\/burn-it\/product\/bez-kategorii\/treningi-live\/trening-live-107-upper-body\/","title":{"rendered":"Nagranie &#8211; #107 STRONG Upper Body &#8211; online"},"content":{"rendered":"<p>Cze\u015b\u0107 Moja Strong Siostro,<\/p>\n<p>Zapraszam serdecznie na trening online z serii:<\/p>\n<p>\ud83d\udd25<strong>#wtorekzNiedobylsk\u0105<\/strong>\ud83d\udd25<\/p>\n<hr \/>\n<p><span style=\"color: #ff0000;\"><strong>Nagranie &#8211; #107 STRONG Upper Body<br \/>\n<\/strong><\/span><\/p>\n<p>To trening si\u0142owy nakierowany na g\u00f3rne parti\u0119 cia\u0142a.<\/p>\n<p><span class=\"c-emoji c-emoji__medium c-emoji--inline\" data-qa=\"emoji\" data-sk=\"tooltip_parent\"><img decoding=\"async\" src=\"https:\/\/a.slack-edge.com\/production-standard-emoji-assets\/13.0\/google-medium\/1f449.png\" alt=\":point_right:\" aria-label=\"point right emoji\" data-stringify-type=\"emoji\" data-stringify-emoji=\":point_right:\" \/><\/span> PLECY, KLATKA, RAMIONA, BARKI, BRZUCH!<\/p>\n<p>To s\u0105 partie, kt\u00f3re mocno wytrenujemy na wtorkowym treningu.<\/p>\n<p>&nbsp;<\/p>\n<hr \/>\n<p><strong>DLA KOGO JEST TEN TRENING?<\/strong><br \/>\nJest to trening absolutnie dla ka\u017cdej kobiety &#8211; poniewa\u017c sama b\u0119dziesz regulowa\u0107 sobie ci\u0119\u017car i intensywno\u015b\u0107.<br \/>\nPodczas treningu b\u0119d\u0119 t\u0142umaczy\u0107 bardzo dok\u0142adnie jak wykona\u0107 ka\u017cde \u0107wiczenie, a dla \u0107wicze\u0144 trudniejszych b\u0119d\u0119 pokazywa\u0107 zamienniki dla os\u00f3b totalnie pocz\u0105tkuj\u0105cych.<\/p>\n<hr \/>\n<p><strong>CO POTRZEBUJESZ:<\/strong><\/p>\n<p>Do tego treningu potrzebujesz:<\/p>\n<ul>\n<li>par\u0119 hantli lub dwie butelki z wod\u0105<\/li>\n<li>gumy oporowe miniband i power band<\/li>\n<li>mat\u0119 i krzes\u0142o.<\/li>\n<\/ul>\n<hr \/>\n<p class=\"p-rich_text_section\"><strong>JAK OTRZYMA\u0106 DOST\u0118P:<br \/>\n<\/strong><\/p>\n<ol>\n<li>\n<div><strong>Zakupi\u0107 powy\u017cszy produkt.<\/strong><\/div>\n<\/li>\n<li>\n<div>W ci\u0105gu 2-3 min od zakupu, na adres mail podany przy zakupie, otrzymasz mail zatytu\u0142owany <strong>&#8220;Dzi\u0119kujemy za zakupy w {Burn It!}&#8221;<\/strong> w kt\u00f3rym to znajdziesz sw\u00f3j indywidualny link\u00a0do treningu online.<\/div>\n<\/li>\n<\/ol>\n<hr \/>\n<p><strong>ODRABIANIE TRENINGU:<\/strong><\/p>\n<p>Wersja RAW czyli trening bez monta\u017cu dok\u0142adnie tak jak podczas treningu LIVE zostanie udost\u0119pniona tego samego dnia ok ~21:00 pod tym samym linkiem i has\u0142em.<br \/>\nWersja PRO czyli zmontowana wersja treningu w lepszej jako\u015bci zostanie udost\u0119pniona na maila osoby kupuj\u0105cej <span style=\"color: #ff0000;\"><strong>kolejnego dnia <\/strong><\/span>po LIVE.<br \/>\nOdrobienie treningu b\u0119dzie dost\u0119pne do ko\u0144ca tygodnia.<\/p>\n<hr \/>\n<p><strong>DOST\u0118PNO\u015a\u0106:<\/strong><br \/>\nPowy\u017cszy trening b\u0119dzie dost\u0119pny do zakupu <strong>do ko\u0144ca dnia w sobot\u0119.<\/strong><\/p>\n<hr \/>\n<p><strong>WYMAGANIA TECHNICZNE:<\/strong><\/p>\n<p><a href=\"https:\/\/knowledge.clickmeeting.com\/pl\/faq\/jakie-sa-wymagania-sprzetowe-oraz-oprogramowania-dotyczace-organizowania-wydarzen-na-platformie-clickmeeting\/\"><span style=\"color: #00ccff;\">Jakie s\u0105 wymagania sprz\u0119towe oraz oprogramowania?<\/span><\/a><\/p>\n<p><a href=\"https:\/\/knowledge.clickmeeting.com\/pl\/faq\/jakiego-lacza-potrzebuje-aby-moc-korzystac-z-platformy-clickmeeting\/\"><span style=\"color: #00ccff;\">Jakiego \u0142\u0105cza potrzebuj\u0119, aby m\u00f3c korzysta\u0107 z treningu LIVE?<\/span><\/a><\/p>\n<hr \/>\n<p><strong>Zapraszam Ci\u0119 Moja <span style=\"color: #993366;\">Strong Siostro<\/span>!<\/strong><br \/>\n<strong>B\u0119dzie ogie\u0144! \ud83d\udd25<br \/>\n<\/strong><\/p>\n<p>&nbsp;<\/p>\n","protected":false},"excerpt":{"rendered":"<h1><span style=\"color: #ff0000;\">Trening STRONG Upper Body<br \/>\n<\/span><\/h1>\n<h1><span style=\"color: #000000;\">Wtorek 08.06<\/span><\/h1>\n<h1><span style=\"color: #000000;\">godz. 18:30<\/span><\/h1>\n<p>&nbsp;<\/p>\n<p>&nbsp;<\/p>\n","protected":false},"featured_media":13063,"comment_status":"open","ping_status":"closed","template":"","meta":{"_acf_changed":false},"product_brand":[],"product_cat":[36,52],"product_tag":[],"class_list":{"0":"post-12998","1":"product","2":"type-product","3":"status-publish","4":"has-post-thumbnail","6":"product_cat-produkty","7":"product_cat-treningi-live","9":"first","10":"outofstock","11":"virtual","12":"sold-individually","13":"taxable","14":"purchasable","15":"product-type-simple"},"acf":{"image":false,"motyw_kolorystyczny":{"kolor_przewodni":"#fbbbab","kolor_dodatkowy":"#ffffff"},"dla_kogo":"","miejsce":"","jaki_sprzet":false,"system_treningowy":"","ile_trwa_trening":"","ile_trwa_kurs":"","czestotliwosc":false,"co_dalej":"","ikony":false,"skrot_trening":false,"feature_img_title":{"linia_1":"","linia_2":""},"feature_img_hover":false,"feature_img_video":{"miniaturka":false,"video_id":""},"premiera_wkrotce":false,"wpaffilate_product":false},"_links":{"self":[{"href":"https:\/\/niedobylska.com\/burn-it\/wp-json\/wp\/v2\/product\/12998","targetHints":{"allow":["GET"]}}],"collection":[{"href":"https:\/\/niedobylska.com\/burn-it\/wp-json\/wp\/v2\/product"}],"about":[{"href":"https:\/\/niedobylska.com\/burn-it\/wp-json\/wp\/v2\/types\/product"}],"replies":[{"embeddable":true,"href":"https:\/\/niedobylska.com\/burn-it\/wp-json\/wp\/v2\/comments?post=12998"}],"version-history":[{"count":1,"href":"https:\/\/niedobylska.com\/burn-it\/wp-json\/wp\/v2\/product\/12998\/revisions"}],"predecessor-version":[{"id":13000,"href":"https:\/\/niedobylska.com\/burn-it\/wp-json\/wp\/v2\/product\/12998\/revisions\/13000"}],"wp:featuredmedia":[{"embeddable":true,"href":"https:\/\/niedobylska.com\/burn-it\/wp-json\/wp\/v2\/media\/13063"}],"wp:attachment":[{"href":"https:\/\/niedobylska.com\/burn-it\/wp-json\/wp\/v2\/media?parent=12998"}],"wp:term":[{"taxonomy":"product_brand","embeddable":true,"href":"https:\/\/niedobylska.com\/burn-it\/wp-json\/wp\/v2\/product_brand?post=12998"},{"taxonomy":"product_cat","embeddable":true,"href":"https:\/\/niedobylska.com\/burn-it\/wp-json\/wp\/v2\/product_cat?post=12998"},{"taxonomy":"product_tag","embeddable":true,"href":"https:\/\/niedobylska.com\/burn-it\/wp-json\/wp\/v2\/product_tag?post=12998"}],"curies":[{"name":"wp","href":"https:\/\/api.w.org\/{rel}","templated":true}]}}