{"id":7,"date":"2019-09-22T00:37:41","date_gmt":"2019-09-21T22:37:41","guid":{"rendered":"https:\/\/niedobylska.com\/burn-it\/sklep\/"},"modified":"2024-11-30T20:11:19","modified_gmt":"2024-11-30T19:11:19","slug":"sklep","status":"publish","type":"page","link":"https:\/\/niedobylska.com\/burn-it\/sklep\/","title":{"rendered":"Sklep"},"content":{"rendered":"<p>Plany treningowe online dla kobiet do domu, na si\u0142owni\u0119 | Burn I<\/p>\n","protected":false},"excerpt":{"rendered":"<p>Plany treningowe online dla kobiet do domu, na si\u0142owni\u0119 | Burn I<\/p>\n","protected":false},"author":2598,"featured_media":0,"parent":0,"menu_order":0,"comment_status":"closed","ping_status":"closed","template":"templates\/homepage.php","meta":{"_acf_changed":false,"footnotes":""},"class_list":["post-7","page","type-page","status-publish","hentry"],"acf":{"gallery":false,"cat":[{"title":"JAD\u0141OSPISY","title_bg":"","link":{"title":"JAD\u0141OSPISY","url":"https:\/\/niedobylska.com\/burn-it\/sklep\/kategoria\/jadlospisy\/","target":""},"image":{"ID":498,"id":498,"title":"plan-strong","filename":"plan-strong.jpg","filesize":33337,"url":"https:\/\/niedobylska.com\/burn-it\/wp-content\/uploads\/2020\/01\/plan-strong.jpg","link":"https:\/\/niedobylska.com\/burn-it\/?attachment_id=498","alt":"plan strong","author":"2598","description":"","caption":"","name":"plan-strong","status":"inherit","uploaded_to":496,"date":"2020-01-12 22:28:19","modified":"2020-01-13 20:03:45","menu_order":0,"mime_type":"image\/jpeg","type":"image","subtype":"jpeg","icon":"https:\/\/niedobylska.com\/burn-it\/wp-includes\/images\/media\/default.png","width":638,"height":403,"sizes":{"thumbnail":"https:\/\/niedobylska.com\/burn-it\/wp-content\/uploads\/2020\/01\/plan-strong-150x150.jpg","thumbnail-width":150,"thumbnail-height":150,"medium":"https:\/\/niedobylska.com\/burn-it\/wp-content\/uploads\/2020\/01\/plan-strong-300x189.jpg","medium-width":300,"medium-height":189,"medium_large":"https:\/\/niedobylska.com\/burn-it\/wp-content\/uploads\/2020\/01\/plan-strong.jpg","medium_large-width":638,"medium_large-height":403,"large":"https:\/\/niedobylska.com\/burn-it\/wp-content\/uploads\/2020\/01\/plan-strong.jpg","large-width":638,"large-height":403,"1536x1536":"https:\/\/niedobylska.com\/burn-it\/wp-content\/uploads\/2020\/01\/plan-strong.jpg","1536x1536-width":638,"1536x1536-height":403,"2048x2048":"https:\/\/niedobylska.com\/burn-it\/wp-content\/uploads\/2020\/01\/plan-strong.jpg","2048x2048-width":638,"2048x2048-height":403,"gamipress-points":"https:\/\/niedobylska.com\/burn-it\/wp-content\/uploads\/2020\/01\/plan-strong-50x32.jpg","gamipress-points-width":50,"gamipress-points-height":32,"gamipress-achievement":"https:\/\/niedobylska.com\/burn-it\/wp-content\/uploads\/2020\/01\/plan-strong-100x63.jpg","gamipress-achievement-width":100,"gamipress-achievement-height":63,"gamipress-rank":"https:\/\/niedobylska.com\/burn-it\/wp-content\/uploads\/2020\/01\/plan-strong-100x63.jpg","gamipress-rank-width":100,"gamipress-rank-height":63,"woocommerce_thumbnail":"https:\/\/niedobylska.com\/burn-it\/wp-content\/uploads\/2020\/01\/plan-strong-300x300.jpg","woocommerce_thumbnail-width":300,"woocommerce_thumbnail-height":300,"woocommerce_single":"https:\/\/niedobylska.com\/burn-it\/wp-content\/uploads\/2020\/01\/plan-strong-600x379.jpg","woocommerce_single-width":600,"woocommerce_single-height":379,"woocommerce_gallery_thumbnail":"https:\/\/niedobylska.com\/burn-it\/wp-content\/uploads\/2020\/01\/plan-strong-100x100.jpg","woocommerce_gallery_thumbnail-width":100,"woocommerce_gallery_thumbnail-height":100}}},{"title":"PLANY \u017bYWIENIOWE","title_bg":"","link":{"title":"PLANY \u017bYWIENIOWE","url":"https:\/\/niedobylska.com\/burn-it\/sklep\/kategoria\/produkty\/plany","target":""},"image":{"ID":499,"id":499,"title":"plan-22","filename":"plan-22.jpg","filesize":24707,"url":"https:\/\/niedobylska.com\/burn-it\/wp-content\/uploads\/2020\/01\/plan-22.jpg","link":"https:\/\/niedobylska.com\/burn-it\/?attachment_id=499","alt":"plan 2+2","author":"2598","description":"","caption":"","name":"plan-22","status":"inherit","uploaded_to":496,"date":"2020-01-12 22:28:20","modified":"2020-01-13 20:39:00","menu_order":0,"mime_type":"image\/jpeg","type":"image","subtype":"jpeg","icon":"https:\/\/niedobylska.com\/burn-it\/wp-includes\/images\/media\/default.png","width":638,"height":363,"sizes":{"thumbnail":"https:\/\/niedobylska.com\/burn-it\/wp-content\/uploads\/2020\/01\/plan-22-150x150.jpg","thumbnail-width":150,"thumbnail-height":150,"medium":"https:\/\/niedobylska.com\/burn-it\/wp-content\/uploads\/2020\/01\/plan-22-300x171.jpg","medium-width":300,"medium-height":171,"medium_large":"https:\/\/niedobylska.com\/burn-it\/wp-content\/uploads\/2020\/01\/plan-22.jpg","medium_large-width":638,"medium_large-height":363,"large":"https:\/\/niedobylska.com\/burn-it\/wp-content\/uploads\/2020\/01\/plan-22.jpg","large-width":638,"large-height":363,"1536x1536":"https:\/\/niedobylska.com\/burn-it\/wp-content\/uploads\/2020\/01\/plan-22.jpg","1536x1536-width":638,"1536x1536-height":363,"2048x2048":"https:\/\/niedobylska.com\/burn-it\/wp-content\/uploads\/2020\/01\/plan-22.jpg","2048x2048-width":638,"2048x2048-height":363,"gamipress-points":"https:\/\/niedobylska.com\/burn-it\/wp-content\/uploads\/2020\/01\/plan-22-50x28.jpg","gamipress-points-width":50,"gamipress-points-height":28,"gamipress-achievement":"https:\/\/niedobylska.com\/burn-it\/wp-content\/uploads\/2020\/01\/plan-22-100x57.jpg","gamipress-achievement-width":100,"gamipress-achievement-height":57,"gamipress-rank":"https:\/\/niedobylska.com\/burn-it\/wp-content\/uploads\/2020\/01\/plan-22-100x57.jpg","gamipress-rank-width":100,"gamipress-rank-height":57,"woocommerce_thumbnail":"https:\/\/niedobylska.com\/burn-it\/wp-content\/uploads\/2020\/01\/plan-22-300x300.jpg","woocommerce_thumbnail-width":300,"woocommerce_thumbnail-height":300,"woocommerce_single":"https:\/\/niedobylska.com\/burn-it\/wp-content\/uploads\/2020\/01\/plan-22-600x341.jpg","woocommerce_single-width":600,"woocommerce_single-height":341,"woocommerce_gallery_thumbnail":"https:\/\/niedobylska.com\/burn-it\/wp-content\/uploads\/2020\/01\/plan-22-100x100.jpg","woocommerce_gallery_thumbnail-width":100,"woocommerce_gallery_thumbnail-height":100}}},{"title":"VOUCHERY","title_bg":"","link":{"title":"VOUCHERY","url":"https:\/\/niedobylska.com\/burn-it\/sklep\/kategoria\/produkty\/vouchery","target":""},"image":{"ID":2115,"id":2115,"title":"poster","filename":"poster.jpg","filesize":29020,"url":"https:\/\/niedobylska.com\/burn-it\/wp-content\/uploads\/2020\/05\/poster.jpg","link":"https:\/\/niedobylska.com\/burn-it\/home\/poster\/","alt":"poster","author":"2598","description":"","caption":"","name":"poster","status":"inherit","uploaded_to":51,"date":"2020-05-09 12:48:09","modified":"2020-05-09 12:49:07","menu_order":0,"mime_type":"image\/jpeg","type":"image","subtype":"jpeg","icon":"https:\/\/niedobylska.com\/burn-it\/wp-includes\/images\/media\/default.png","width":653,"height":367,"sizes":{"thumbnail":"https:\/\/niedobylska.com\/burn-it\/wp-content\/uploads\/2020\/05\/poster-150x150.jpg","thumbnail-width":150,"thumbnail-height":150,"medium":"https:\/\/niedobylska.com\/burn-it\/wp-content\/uploads\/2020\/05\/poster-300x169.jpg","medium-width":300,"medium-height":169,"medium_large":"https:\/\/niedobylska.com\/burn-it\/wp-content\/uploads\/2020\/05\/poster.jpg","medium_large-width":640,"medium_large-height":360,"large":"https:\/\/niedobylska.com\/burn-it\/wp-content\/uploads\/2020\/05\/poster.jpg","large-width":640,"large-height":360,"1536x1536":"https:\/\/niedobylska.com\/burn-it\/wp-content\/uploads\/2020\/05\/poster.jpg","1536x1536-width":653,"1536x1536-height":367,"2048x2048":"https:\/\/niedobylska.com\/burn-it\/wp-content\/uploads\/2020\/05\/poster.jpg","2048x2048-width":653,"2048x2048-height":367,"gamipress-points":"https:\/\/niedobylska.com\/burn-it\/wp-content\/uploads\/2020\/05\/poster-50x28.jpg","gamipress-points-width":50,"gamipress-points-height":28,"gamipress-achievement":"https:\/\/niedobylska.com\/burn-it\/wp-content\/uploads\/2020\/05\/poster-100x56.jpg","gamipress-achievement-width":100,"gamipress-achievement-height":56,"gamipress-rank":"https:\/\/niedobylska.com\/burn-it\/wp-content\/uploads\/2020\/05\/poster-100x56.jpg","gamipress-rank-width":100,"gamipress-rank-height":56,"woocommerce_thumbnail":"https:\/\/niedobylska.com\/burn-it\/wp-content\/uploads\/2020\/05\/poster-300x300.jpg","woocommerce_thumbnail-width":300,"woocommerce_thumbnail-height":300,"woocommerce_single":"https:\/\/niedobylska.com\/burn-it\/wp-content\/uploads\/2020\/05\/poster-600x337.jpg","woocommerce_single-width":600,"woocommerce_single-height":337,"woocommerce_gallery_thumbnail":"https:\/\/niedobylska.com\/burn-it\/wp-content\/uploads\/2020\/05\/poster-100x100.jpg","woocommerce_gallery_thumbnail-width":100,"woocommerce_gallery_thumbnail-height":100}}},{"title":"STRONGASIOSTRA","title_bg":"","link":{"title":"STRONGSIOSTRA","url":"https:\/\/niedobylska.com\/burn-it\/sklep\/kategoria\/produkty\/strong-siostra\/","target":""},"image":{"ID":3590,"id":3590,"title":"978A8622","filename":"978A8622-scaled.jpg","filesize":182677,"url":"https:\/\/niedobylska.com\/burn-it\/wp-content\/uploads\/2020\/09\/978A8622-scaled.jpg","link":"https:\/\/niedobylska.com\/burn-it\/?attachment_id=3590","alt":"","author":"2598","description":"","caption":"","name":"978a8622","status":"inherit","uploaded_to":3589,"date":"2020-09-10 06:56:04","modified":"2020-09-10 06:56:04","menu_order":0,"mime_type":"image\/jpeg","type":"image","subtype":"jpeg","icon":"https:\/\/niedobylska.com\/burn-it\/wp-includes\/images\/media\/default.png","width":1920,"height":1280,"sizes":{"thumbnail":"https:\/\/niedobylska.com\/burn-it\/wp-content\/uploads\/2020\/09\/978A8622-150x150.jpg","thumbnail-width":150,"thumbnail-height":150,"medium":"https:\/\/niedobylska.com\/burn-it\/wp-content\/uploads\/2020\/09\/978A8622-300x200.jpg","medium-width":300,"medium-height":200,"medium_large":"https:\/\/niedobylska.com\/burn-it\/wp-content\/uploads\/2020\/09\/978A8622-768x512.jpg","medium_large-width":640,"medium_large-height":427,"large":"https:\/\/niedobylska.com\/burn-it\/wp-content\/uploads\/2020\/09\/978A8622-1024x683.jpg","large-width":640,"large-height":427,"1536x1536":"https:\/\/niedobylska.com\/burn-it\/wp-content\/uploads\/2020\/09\/978A8622-1536x1024.jpg","1536x1536-width":1536,"1536x1536-height":1024,"2048x2048":"https:\/\/niedobylska.com\/burn-it\/wp-content\/uploads\/2020\/09\/978A8622-2048x1365.jpg","2048x2048-width":2048,"2048x2048-height":1365,"gamipress-points":"https:\/\/niedobylska.com\/burn-it\/wp-content\/uploads\/2020\/09\/978A8622-50x33.jpg","gamipress-points-width":50,"gamipress-points-height":33,"gamipress-achievement":"https:\/\/niedobylska.com\/burn-it\/wp-content\/uploads\/2020\/09\/978A8622-100x67.jpg","gamipress-achievement-width":100,"gamipress-achievement-height":67,"gamipress-rank":"https:\/\/niedobylska.com\/burn-it\/wp-content\/uploads\/2020\/09\/978A8622-100x67.jpg","gamipress-rank-width":100,"gamipress-rank-height":67,"woocommerce_thumbnail":"https:\/\/niedobylska.com\/burn-it\/wp-content\/uploads\/2020\/09\/978A8622-300x300.jpg","woocommerce_thumbnail-width":300,"woocommerce_thumbnail-height":300,"woocommerce_single":"https:\/\/niedobylska.com\/burn-it\/wp-content\/uploads\/2020\/09\/978A8622-600x400.jpg","woocommerce_single-width":600,"woocommerce_single-height":400,"woocommerce_gallery_thumbnail":"https:\/\/niedobylska.com\/burn-it\/wp-content\/uploads\/2020\/09\/978A8622-100x100.jpg","woocommerce_gallery_thumbnail-width":100,"woocommerce_gallery_thumbnail-height":100}}},{"title":"PLANY TRENINGOWE DO DOMU","title_bg":"","link":{"title":"STRONG HOME GYM","url":"https:\/\/niedobylska.com\/burn-it\/sklep\/kategoria\/produkty\/plany-strong-home-gym","target":""},"image":{"ID":28562,"id":28562,"title":"5","filename":"5-2-e1700486582807.jpg","filesize":31718,"url":"https:\/\/niedobylska.com\/burn-it\/wp-content\/uploads\/2023\/11\/5-2-e1700486582807.jpg","link":"https:\/\/niedobylska.com\/burn-it\/sklep\/5-13\/","alt":"","author":"6115","description":"","caption":"","name":"5-13","status":"inherit","uploaded_to":7,"date":"2023-11-20 13:21:05","modified":"2023-11-20 13:21:05","menu_order":0,"mime_type":"image\/jpeg","type":"image","subtype":"jpeg","icon":"https:\/\/niedobylska.com\/burn-it\/wp-includes\/images\/media\/default.png","width":726,"height":462,"sizes":{"thumbnail":"https:\/\/niedobylska.com\/burn-it\/wp-content\/uploads\/2023\/11\/5-2-e1700486582807-150x150.jpg","thumbnail-width":150,"thumbnail-height":150,"medium":"https:\/\/niedobylska.com\/burn-it\/wp-content\/uploads\/2023\/11\/5-2-e1700486582807-300x191.jpg","medium-width":300,"medium-height":191,"medium_large":"https:\/\/niedobylska.com\/burn-it\/wp-content\/uploads\/2023\/11\/5-2-768x644.jpg","medium_large-width":640,"medium_large-height":537,"large":"https:\/\/niedobylska.com\/burn-it\/wp-content\/uploads\/2023\/11\/5-2-e1700486582807.jpg","large-width":640,"large-height":407,"1536x1536":"https:\/\/niedobylska.com\/burn-it\/wp-content\/uploads\/2023\/11\/5-2-e1700486582807.jpg","1536x1536-width":726,"1536x1536-height":462,"2048x2048":"https:\/\/niedobylska.com\/burn-it\/wp-content\/uploads\/2023\/11\/5-2-e1700486582807.jpg","2048x2048-width":726,"2048x2048-height":462,"gamipress-points":"https:\/\/niedobylska.com\/burn-it\/wp-content\/uploads\/2023\/11\/5-2-e1700486582807-50x32.jpg","gamipress-points-width":50,"gamipress-points-height":32,"gamipress-achievement":"https:\/\/niedobylska.com\/burn-it\/wp-content\/uploads\/2023\/11\/5-2-e1700486582807-100x64.jpg","gamipress-achievement-width":100,"gamipress-achievement-height":64,"gamipress-rank":"https:\/\/niedobylska.com\/burn-it\/wp-content\/uploads\/2023\/11\/5-2-e1700486582807-100x64.jpg","gamipress-rank-width":100,"gamipress-rank-height":64,"woocommerce_thumbnail":"https:\/\/niedobylska.com\/burn-it\/wp-content\/uploads\/2023\/11\/5-2-e1700486582807-300x300.jpg","woocommerce_thumbnail-width":300,"woocommerce_thumbnail-height":300,"woocommerce_single":"https:\/\/niedobylska.com\/burn-it\/wp-content\/uploads\/2023\/11\/5-2-e1700486582807-600x382.jpg","woocommerce_single-width":600,"woocommerce_single-height":382,"woocommerce_gallery_thumbnail":"https:\/\/niedobylska.com\/burn-it\/wp-content\/uploads\/2023\/11\/5-2-e1700486582807-100x100.jpg","woocommerce_gallery_thumbnail-width":100,"woocommerce_gallery_thumbnail-height":100}}},{"title":"PLANY TRENINGOWE NA SI\u0141OWNIE","title_bg":"","link":{"title":"STRONG GYM","url":"https:\/\/niedobylska.com\/burn-it\/sklep\/kategoria\/produkty\/plany-strong-gym","target":""},"image":{"ID":6906,"id":6906,"title":"main","filename":"main-e1700486665984.jpg","filesize":108220,"url":"https:\/\/niedobylska.com\/burn-it\/wp-content\/uploads\/2021\/01\/main-e1700486665984.jpg","link":"https:\/\/niedobylska.com\/burn-it\/?attachment_id=6906","alt":"","author":"851","description":"","caption":"","name":"main","status":"inherit","uploaded_to":6773,"date":"2021-01-18 10:13:16","modified":"2021-01-18 10:13:16","menu_order":0,"mime_type":"image\/jpeg","type":"image","subtype":"jpeg","icon":"https:\/\/niedobylska.com\/burn-it\/wp-includes\/images\/media\/default.png","width":1368,"height":769,"sizes":{"thumbnail":"https:\/\/niedobylska.com\/burn-it\/wp-content\/uploads\/2021\/01\/main-e1700486665984-150x150.jpg","thumbnail-width":150,"thumbnail-height":150,"medium":"https:\/\/niedobylska.com\/burn-it\/wp-content\/uploads\/2021\/01\/main-e1700486665984-300x169.jpg","medium-width":300,"medium-height":169,"medium_large":"https:\/\/niedobylska.com\/burn-it\/wp-content\/uploads\/2021\/01\/main-e1700486665984-768x432.jpg","medium_large-width":640,"medium_large-height":360,"large":"https:\/\/niedobylska.com\/burn-it\/wp-content\/uploads\/2021\/01\/main-e1700486665984-1024x576.jpg","large-width":640,"large-height":360,"1536x1536":"https:\/\/niedobylska.com\/burn-it\/wp-content\/uploads\/2021\/01\/main-1536x710.jpg","1536x1536-width":1536,"1536x1536-height":710,"2048x2048":"https:\/\/niedobylska.com\/burn-it\/wp-content\/uploads\/2021\/01\/main-e1700486665984.jpg","2048x2048-width":1368,"2048x2048-height":769,"gamipress-points":"https:\/\/niedobylska.com\/burn-it\/wp-content\/uploads\/2021\/01\/main-e1700486665984-50x28.jpg","gamipress-points-width":50,"gamipress-points-height":28,"gamipress-achievement":"https:\/\/niedobylska.com\/burn-it\/wp-content\/uploads\/2021\/01\/main-e1700486665984-100x56.jpg","gamipress-achievement-width":100,"gamipress-achievement-height":56,"gamipress-rank":"https:\/\/niedobylska.com\/burn-it\/wp-content\/uploads\/2021\/01\/main-e1700486665984-100x56.jpg","gamipress-rank-width":100,"gamipress-rank-height":56,"woocommerce_thumbnail":"https:\/\/niedobylska.com\/burn-it\/wp-content\/uploads\/2021\/01\/main-e1700486665984-300x300.jpg","woocommerce_thumbnail-width":300,"woocommerce_thumbnail-height":300,"woocommerce_single":"https:\/\/niedobylska.com\/burn-it\/wp-content\/uploads\/2021\/01\/main-e1700486665984-600x337.jpg","woocommerce_single-width":600,"woocommerce_single-height":337,"woocommerce_gallery_thumbnail":"https:\/\/niedobylska.com\/burn-it\/wp-content\/uploads\/2021\/01\/main-e1700486665984-100x100.jpg","woocommerce_gallery_thumbnail-width":100,"woocommerce_gallery_thumbnail-height":100}}}],"shop_cat":[{"category":{"term_id":199,"name":"Ebook","slug":"ebook","term_group":0,"term_taxonomy_id":199,"taxonomy":"product_cat","description":"","parent":0,"count":3,"filter":"raw"},"category_link":""},{"category":{"term_id":190,"name":"Jad\u0142ospisy","slug":"jadlospisy","term_group":0,"term_taxonomy_id":190,"taxonomy":"product_cat","description":"Tygodniowe jad\u0142ospisy: active wege, IF, Low Carb, Carb Cycling (Strong) i zbilansowany, od 1800 kcal do 2600 kcal, zawieraj\u0105 a\u017c 28 zbilansowanych posi\u0142k\u00f3w!\r\n\r\nOdwied\u017a nasz kalkulator \u017cywieniowy, o<a href=\"https:\/\/niedobylska.com\/burn-it\/wybierz-plan-zywieniowy\/#calculator_slides\">blicz swoje zapotrzebowanie kaloryczne<\/a>, zacznij zmian\u0119 nawyk\u00f3w \u017cywieniowych od teraz i wybierz sw\u00f3j jad\u0142ospis!","parent":0,"count":63,"filter":"raw"},"category_link":""},{"category":{"term_id":58,"name":"Plany","slug":"plany","term_group":0,"term_taxonomy_id":58,"taxonomy":"product_cat","description":"Dwutygodniowe Plany \u017bywieniowe zawieraj\u0105 a\u017c 56 odpowiednio zbilansowanych posi\u0142k\u00f3w! Odchudzanie jeszcze nigdy nie by\u0142o tak proste i smaczne!\r\nDost\u0119pne opcje: active wege, IF, Low Carb, Carb Cycling (Strong) i zbilansowana.<a href=\"https:\/\/niedobylska.com\/burn-it\/wybierz-plan-zywieniowy\/#calculator_slides\">\u00a0<\/a>\r\n\r\nOdwied\u017a nasz kalkulator \u017cywieniowy, <strong>o<a href=\"https:\/\/niedobylska.com\/burn-it\/wybierz-plan-zywieniowy\/#calculator_slides\">blicz swoje zapotrzebowanie kaloryczne<\/a><\/strong> i wybierz idealny Plan \u017bywieniowy dla siebie ju\u017c teraz!","parent":0,"count":33,"filter":"raw"},"category_link":""},{"category":{"term_id":51,"name":"Vouchery","slug":"vouchery","term_group":0,"term_taxonomy_id":51,"taxonomy":"product_cat","description":"Vouchery upominkowe obejmuj\u0105ce<a href=\"https:\/\/niedobylska.com\/burn-it\/wybierz-plan-zywieniowy\/\"> Plan \u017bywieniowy<\/a>, <a href=\"https:\/\/niedobylska.com\/burn-it\/plany-treningowe\/\">plany treningowe<\/a> Strong Home Gym oraz Strong Gym. S\u0105 Idealnym prezentem na ka\u017cd\u0105 okazj\u0119!\r\n\r\nKup voucher i zr\u00f3b prezent sobie lub bliskiej Ci osobie!","parent":36,"count":3,"filter":"raw"},"category_link":""},{"category":{"term_id":184,"name":"plany Strong Home Gym","slug":"plany-strong-home-gym","term_group":0,"term_taxonomy_id":184,"taxonomy":"product_cat","description":"Plany treningowe do wykonania w domu. Trening si\u0142owy dla os\u00f3b pocz\u0105tkuj\u0105cych, \u015bredniozaawansowanych i zaawansowanych. Pozwala schudn\u0105\u0107, wyrze\u017abi\u0107 mi\u0119\u015bnie i uzyska\u0107 wymarzon\u0105 sylwetk\u0119!\r\n\r\nRozpocznij swoj\u0105 przygod\u0119 z treningiem si\u0142owym ju\u017c dzisiaj i wybierz sw\u00f3j plan!\r\n\r\n\u015awietnym uzupe\u0142nieniem dla planu treningowego b\u0119dzie wyb\u00f3r <a href=\"https:\/\/niedobylska.com\/burn-it\/wybierz-plan-zywieniowy\/\">Planu \u017bywieniowego.<\/a> Smuk\u0142a sylwetka ju\u017c teraz jest w zasi\u0119gu Twojej r\u0119ki!","parent":32,"count":6,"filter":"raw"},"category_link":""},{"category":{"term_id":183,"name":"plany Strong Gym","slug":"plany-strong-gym","term_group":0,"term_taxonomy_id":183,"taxonomy":"product_cat","description":"Plany treningowe do wykonania na si\u0142owni. Trening si\u0142owy dla os\u00f3b pocz\u0105tkuj\u0105cych, \u015bredniozaawansowanych i zaawansowanych. Pozwala schudn\u0105\u0107, wyrze\u017abi\u0107 mi\u0119\u015bnie i uzyska\u0107 wymarzon\u0105 sylwetk\u0119!\r\n\r\nRozpocznij swoj\u0105 przygod\u0119 z treningiem si\u0142owym ju\u017c dzisiaj i wybierz sw\u00f3j plan!\r\n\r\n\u015awietnym uzupe\u0142nieniem dla planu treningowego b\u0119dzie wyb\u00f3r <a href=\"https:\/\/niedobylska.com\/burn-it\/wybierz-plan-zywieniowy\/\">Planu \u017bywieniowego.<\/a> Smuk\u0142a sylwetka ju\u017c teraz jest w zasi\u0119gu Twojej r\u0119ki!","parent":32,"count":6,"filter":"raw"},"category_link":""}],"hide_icon_under_the_slider":true},"_links":{"self":[{"href":"https:\/\/niedobylska.com\/burn-it\/wp-json\/wp\/v2\/pages\/7","targetHints":{"allow":["GET"]}}],"collection":[{"href":"https:\/\/niedobylska.com\/burn-it\/wp-json\/wp\/v2\/pages"}],"about":[{"href":"https:\/\/niedobylska.com\/burn-it\/wp-json\/wp\/v2\/types\/page"}],"author":[{"embeddable":true,"href":"https:\/\/niedobylska.com\/burn-it\/wp-json\/wp\/v2\/users\/2598"}],"replies":[{"embeddable":true,"href":"https:\/\/niedobylska.com\/burn-it\/wp-json\/wp\/v2\/comments?post=7"}],"version-history":[{"count":31,"href":"https:\/\/niedobylska.com\/burn-it\/wp-json\/wp\/v2\/pages\/7\/revisions"}],"predecessor-version":[{"id":31921,"href":"https:\/\/niedobylska.com\/burn-it\/wp-json\/wp\/v2\/pages\/7\/revisions\/31921"}],"wp:attachment":[{"href":"https:\/\/niedobylska.com\/burn-it\/wp-json\/wp\/v2\/media?parent=7"}],"curies":[{"name":"wp","href":"https:\/\/api.w.org\/{rel}","templated":true}]}}