{"id":672,"date":"2020-01-20T17:49:03","date_gmt":"2020-01-20T16:49:03","guid":{"rendered":"https:\/\/niedobylska.com\/burn-it\/?page_id=672"},"modified":"2025-05-18T09:51:35","modified_gmt":"2025-05-18T07:51:35","slug":"kontakt","status":"publish","type":"page","link":"https:\/\/niedobylska.com\/burn-it\/kontakt\/","title":{"rendered":"Kontakt"},"content":{"rendered":"\r\n\r\n\r\n<p>Napisz do mnie na adres <a href=\"mailto:info@burn-it.pl\">info@burn-it.pl<\/a>.<\/p>\r\n\r\n\r\n\r\n\r\n\r\n<p>Zapraszam r\u00f3wnie\u017c do \u015bledzenia moich profili spo\u0142eczno\u015bciowych:<\/p>\r\n\r\n\r\n\r\n<p><a href=\"https:\/\/www.facebook.com\/Niedobylska.BURN.IT\" target=\"_blank\" rel=\"noreferrer noopener\"><strong>Facebook<\/strong><\/a><br \/><a href=\"https:\/\/www.instagram.com\/niedobylska_burn_it\/\" target=\"_blank\" rel=\"noreferrer noopener\"><strong>Instagram<\/strong><\/a><br \/><a href=\"https:\/\/www.youtube.com\/@niedobylska\" target=\"_blank\" rel=\"noreferrer noopener\"><strong>You Tube<\/strong><\/a><\/p>\r\n\r\n\r\n\r\n<p>Je\u015bli masz problem techniczny, zwi\u0105zany z dzia\u0142aniem platformy napisz na adres: <a href=\"mailto:pomoc@burn-it.pl\">pomoc@burn-it.pl<\/a>\u00a0<\/p>\r\n\r\n\r\n\r\n<p>Postaramy Ci si\u0119 odpowiedzie\u0107 b\u0142yskawicznie.\u00a0<\/p>\r\n","protected":false},"excerpt":{"rendered":"<p>Napisz do mnie na adres info@burn-it.pl. Zapraszam r\u00f3wnie\u017c do \u015bledzenia moich profili spo\u0142eczno\u015bciowych: FacebookInstagramYou Tube Je\u015bli masz problem techniczny, zwi\u0105zany z dzia\u0142aniem platformy napisz na adres: pomoc@burn-it.pl\u00a0 Postaramy Ci si\u0119 odpowiedzie\u0107 b\u0142yskawicznie.\u00a0<\/p>\n","protected":false},"author":2598,"featured_media":0,"parent":0,"menu_order":0,"comment_status":"closed","ping_status":"closed","template":"","meta":{"_acf_changed":false,"footnotes":""},"class_list":["post-672","page","type-page","status-publish","hentry"],"acf":{"pole_tekstowe_1":"<p><span style=\"font-weight: 400;\">Masz pytania lub chcia\u0142(a)by\u015b nawi\u0105za\u0107 wsp\u00f3\u0142prac\u0119?<\/span><\/p>\n<p><span style=\"font-weight: 400;\">Napisz na:<\/span><\/p>\n<p><span style=\"font-weight: 400;\">management@burn-it.pl<\/span><\/p>\n<p>WARSZAWA | POLSKA<\/p>\n","pole_tekstowe_2":"<p><span style=\"font-weight: 400;\">Znalaz\u0142a\u015b(e\u015b) b\u0142\u0105d techniczny, zwi\u0105zany z dzia\u0142aniem platformy?<\/span><\/p>\n<p><span style=\"font-weight: 400;\">Napisz na:<\/span><\/p>\n<p><span style=\"font-weight: 400;\">pomoc@burn-it.pl<\/span><\/p>\n<p><span style=\"font-weight: 400;\">Postaramy Ci si\u0119 odpowiedzie\u0107 b\u0142yskawicznie!<\/span><\/p>\n","redirects_social_media":{"pole_tekstowe":"<p><span style=\"font-weight: 400;\">Na wiele pyta\u0144 z zakresu \u017cywienia oraz treningu odpowiedzi znajdziesz r\u00f3wnie\u017c na moich profilach spo\u0142eczno\u015bciowych.<br \/>\nZapraszam do zapoznania si\u0119 ich zawarto\u015bci\u0105 oraz \u015bledzenie ich na bie\u017c\u0105co.<\/span><\/p>\n","linki_social_media":[{"url_sm":"https:\/\/www.facebook.com\/Niedobylska.BURN.IT","ikona_serwisu":"facebook"},{"url_sm":"https:\/\/www.instagram.com\/niedobylska_burn_it\/","ikona_serwisu":"instagram"},{"url_sm":"https:\/\/www.youtube.com\/@niedobylska","ikona_serwisu":"youtube"}]}},"_links":{"self":[{"href":"https:\/\/niedobylska.com\/burn-it\/wp-json\/wp\/v2\/pages\/672","targetHints":{"allow":["GET"]}}],"collection":[{"href":"https:\/\/niedobylska.com\/burn-it\/wp-json\/wp\/v2\/pages"}],"about":[{"href":"https:\/\/niedobylska.com\/burn-it\/wp-json\/wp\/v2\/types\/page"}],"author":[{"embeddable":true,"href":"https:\/\/niedobylska.com\/burn-it\/wp-json\/wp\/v2\/users\/2598"}],"replies":[{"embeddable":true,"href":"https:\/\/niedobylska.com\/burn-it\/wp-json\/wp\/v2\/comments?post=672"}],"version-history":[{"count":5,"href":"https:\/\/niedobylska.com\/burn-it\/wp-json\/wp\/v2\/pages\/672\/revisions"}],"predecessor-version":[{"id":33225,"href":"https:\/\/niedobylska.com\/burn-it\/wp-json\/wp\/v2\/pages\/672\/revisions\/33225"}],"wp:attachment":[{"href":"https:\/\/niedobylska.com\/burn-it\/wp-json\/wp\/v2\/media?parent=672"}],"curies":[{"name":"wp","href":"https:\/\/api.w.org\/{rel}","templated":true}]}}