{"id":3,"date":"2019-09-22T00:34:36","date_gmt":"2019-09-21T22:34:36","guid":{"rendered":"https:\/\/niedobylska.com\/burn-it\/?page_id=3"},"modified":"2025-12-03T14:15:12","modified_gmt":"2025-12-03T13:15:12","slug":"polityka-prywatnosci","status":"publish","type":"page","link":"https:\/\/niedobylska.com\/burn-it\/polityka-prywatnosci\/","title":{"rendered":"Polityka Prywatno\u015bci i ochrona danych osobowych"},"content":{"rendered":"<p>1.\u00a0 Administratorem Danych w Sklepie niedobylska.com\/burn-it\/ zwanym dalej &#8220;Sklep&#8221; jest <span style=\"font-weight: 400;\">IT PLATFORMS Prosta Sp\u00f3\u0142ka Akcyjna z siedzib\u0105 w Warszawie, NIP 5214061510, REGON 528078625, zarejestrowany w KRS pod nr 0001094186 przez S\u0105d Rejestrowy w Warszawie<\/span>, tel. +48 888 279 634, e-mail: <span style=\"font-weight: 400;\">info@burn-it.pl.<\/span><\/p>\n<p>2. Kontakt ze Sklepem Internetowym jest mo\u017cliwy za po\u015brednictwem poczty elektronicznej oraz pod numerem telefonu.<\/p>\n<p>3. Sklep stosuje \u015brodki techniczne i organizacyjne w celu ochrony prywatno\u015bci U\u017cytkownik\u00f3w.<\/p>\n<p>4. Administrator zobowi\u0105zuje si\u0119 do do\u0142o\u017cenia stara\u0144 w celu zachowania nale\u017cytego zabezpieczenia danych osobowych Klienta. Sklep zapewnia ochron\u0119 przetwarzanych danych osobowych odpowiednim do zagro\u017ce\u0144 oraz kategorii danych poziomem zabezpiecze\u0144. W szczeg\u00f3lno\u015bci Sklep zabezpiecza dane przed ich udost\u0119pnieniem osobom nieupowa\u017cnionym, kradzie\u017c\u0105, nieuprawnionym przetwarzaniem, uszkodzeniem lub zniszczeniem.<\/p>\n<p>5. Sklep zapewnia kontrol\u0119 nad tym, jakie dane osobowe s\u0105 przetwarzane i komu mog\u0105 by\u0107 przekazane oraz prowadzi ewidencj\u0119 os\u00f3b upowa\u017cnionych do przetwarzania danych.<\/p>\n<p>6. U\u017cytkownik, rejestruj\u0105c si\u0119 na stronie Sklepu lub sk\u0142adaj\u0105c zam\u00f3wienie, wyra\u017ca osobn\u0105 wyra\u017an\u0105 zgod\u0119 na przetwarzanie danych osobowych. W innych przypadkach przetwarzanie danych osobowych przez Sklep jest dopuszczalne, gdy wymaga tego realizacja uprawnie\u0144 lub spe\u0142nienie obowi\u0105zk\u00f3w wynikaj\u0105cych z umowy lub wype\u0142nienie prawnie usprawiedliwionych cel\u00f3w realizowanych przez Sklep.<\/p>\n<p>7. Sklep prowadzi zbi\u00f3r danych osobowych o nazwie &#8220;Zbi\u00f3r Danych Osobowych przetwarzanych przez Sklep&#8221;. W Zbiorze gromadzone s\u0105 dane tj. imi\u0119, nazwisko, adres, dane kontaktowe (telefon, email), adres IP, NIP. Informacje te s\u0105 podawane b\u0105d\u017a udost\u0119pniane przez U\u017cytkownika podczas rejestracji lub sk\u0142adania zam\u00f3wienia bez rejestracji na stronie Internetowej Sklepu.<\/p>\n<p>8. Dane podawane przez U\u017cytkownika s\u0105 wykorzystywane w nast\u0119puj\u0105cych celach:<\/p>\n<p>a) w\u0142a\u015bciwe wykonanie przez Sklep zobowi\u0105za\u0144 wynikaj\u0105cych z zawartych um\u00f3w (realizacja zam\u00f3wie\u0144),<\/p>\n<p>b) prawid\u0142owe wykonanie innych niezb\u0119dnych czynno\u015bci w ramach realizacji umowy (ksi\u0119gowanie, kontakt z klientem),<\/p>\n<p>c) wype\u0142nienie prawnie usprawiedliwionych cel\u00f3w, tj. dochodzenie roszcze\u0144 z tytu\u0142u prowadzonej dzia\u0142alno\u015bci gospodarczej.<\/p>\n<p>9. Informacja o profilowaniu oraz efekcie profilowania danych osobowych: profilowanie odbywa si\u0119 zgodnie z General Data Protection Regulation (GDPR), obowi\u0105zuj\u0105cym rozporz\u0105dzeniem Unii Europejskiej.<\/p>\n<p>10. Profilowanie i zautomatyzowane decyzje. Dane osobowe Klient\u00f3w mog\u0105 by\u0107 wykorzystywane do tworzenia podstawowych profili na potrzeby analizy historii zakup\u00f3w, dopasowania wy\u015bwietlanych tre\u015bci oraz ofert (w tym rabat\u00f3w i promocji) do zainteresowa\u0144, a tak\u017ce zapewnienia bezpiecze\u0144stwa p\u0142atno\u015bci online i zapobiegania nadu\u017cyciom. Profilowanie odbywa si\u0119 g\u0142\u00f3wnie poprzez analiz\u0119 dotychczasowych aktywno\u015bci Klienta (np. wybierane produkty, cz\u0119stotliwo\u015b\u0107 zakup\u00f3w, spos\u00f3b p\u0142atno\u015bci) oraz informacji technicznych o korzystaniu ze strony (np. pliki cookies) i nie prowadzi do podejmowania wobec Klienta decyzji wywo\u0142uj\u0105cych skutki prawne lub w podobny spos\u00f3b istotnie na niego wp\u0142ywaj\u0105cych w rozumieniu art. 22 RODO.\u200b<\/p>\n<p class=\"my-2 [&amp;+p]:mt-4 [&amp;_strong:has(+br)]:inline-block [&amp;_strong:has(+br)]:pb-2\">11. W zwi\u0105zku z obs\u0142ug\u0105 p\u0142atno\u015bci za po\u015brednictwem bramki p\u0142atniczej iMoje, dane Klient\u00f3w mog\u0105 by\u0107 przekazywane do ING Banku \u015al\u0105skiego S.A. (operatora iMoje), kt\u00f3ry jako odr\u0119bny administrator mo\u017ce stosowa\u0107 w\u0142asne mechanizmy profilowania oraz oceny ryzyka transakcji w celu realizacji p\u0142atno\u015bci, wype\u0142nienia obowi\u0105zk\u00f3w wynikaj\u0105cych z przepis\u00f3w prawa (w szczeg\u00f3lno\u015bci w zakresie przeciwdzia\u0142ania praniu pieni\u0119dzy i finansowaniu terroryzmu) oraz zapewnienia bezpiecze\u0144stwa transakcji. Zasady przetwarzania danych przez ING Bank \u015al\u0105ski S.A. w ramach bramki p\u0142atniczej iMoje, w tym zasady profilowania i informacja o jego celu oraz konsekwencjach, s\u0105 opisane w dokumentach udost\u0119pnianych przez Bank, w szczeg\u00f3lno\u015bci w jego klauzulach informacyjnych i regulaminach dotycz\u0105cych us\u0142ugi iMoje.<\/p>\n<p>12. Administrator uprawniony jest do ujawnienia danych osobowych wy\u0142\u0105cznie podmiotom upowa\u017cnionym na podstawie w\u0142a\u015bciwych przepis\u00f3w prawa, zgodnie z postanowieniami Regulaminu.<\/p>\n<p>13. Dane osobowe oraz informacje zawarte w formularzu wykorzystywane b\u0119d\u0105 przez Administratora do zawarcia, zmiany, rozwi\u0105zania umowy z Klientem oraz zapewnienia, jak najwy\u017cszej jako\u015bci \u015bwiadczonych us\u0142ug. Administrator, za po\u015brednictwem Serwisu oraz innych form komunikacji zbiera i przetwarza poni\u017cej wyszczeg\u00f3lnione dane osobowe U\u017cytkownik\u00f3w przekazywane podczas proces\u00f3w rejestracji w Serwisie: imi\u0119 i nazwisko, adres zamieszkania, adres email, numer telefonu, NIP.<\/p>\n<p>14. Podanie danych jest dobrowolne. Klient w ka\u017cdej chwili ma prawo wgl\u0105du i zmiany swoich danych osobowych, a tak\u017ce \u017c\u0105dania od Administratora niezw\u0142ocznego ich usuni\u0119cia (&#8220;prawo do zapomnienia&#8221;).<\/p>\n<p>15. Przetwarzanie Pa\u0144stwa danych osobowych pozwala nam na \u015bwiadczenie us\u0142ug m. in. utrzymanie Pa\u0144stwa konta, realizowanie zam\u00f3wie\u0144, kontakt zwi\u0105zany z wykonaniem umowy, a tak\u017ce przesy\u0142anie informacji marketingowych (w tym newslettera).<\/p>\n<p>16. Maj\u0105 Pa\u0144stwo mo\u017cliwo\u015b\u0107 wyra\u017cenia zgody na przetwarzanie danych osobowych w formie zaznaczenia opcji w checkboxie, o tre\u015bci: &#8220;Wyra\u017cam zgod\u0119 na przetwarzanie danych osobowych&#8221; lub &#8220;Akceptuj\u0119 Regulamin i Polityk\u0119 Prywatno\u015bci&#8221;.<\/p>\n<p>17. Dane osobowe b\u0119d\u0105 przechowywane przez okres trwania umowy oraz na czas zgodny z obowi\u0105zuj\u0105cymi przepisami z uwzgl\u0119dnieniem przedawnienia roszcze\u0144 oraz zobowi\u0105za\u0144 podatkowych. Dane osobowe na przetwarzanie, kt\u00f3rych wyrazili Pa\u0144stwo zgod\u0119, b\u0119d\u0105 przechowywane do czasu cofni\u0119cia przez Pa\u0144stwa zgody.<\/p>\n<p>18. Dane b\u0119d\u0105 u\u017cywane w celach zawarcia umowy, reklamacji, rozwi\u0105zania umowy, przez okres korzystania ze Sklepu przez Klienta. Archiwizowanie danych trwa 5 lat od dokonania pierwszego zam\u00f3wienia z uwzgl\u0119dnieniem ww. prawa do bycia zapomnianym, tzn. usuni\u0119cia danych. Klient zg\u0142asza \u017c\u0105danie usuni\u0119cia danych wysy\u0142aj\u0105c wiadomo\u015b\u0107 email. Administrator niezw\u0142ocznie kasuje dane z bazy. \u017b\u0105dania z zakresu przetwarzania danych osobowych mog\u0105 Pa\u0144stwo zg\u0142asza\u0107 mailowo na adres Administratora danych.<\/p>\n<p>19. Na \u017c\u0105danie U\u017cytkownika Sklep udziela informacji o przys\u0142uguj\u0105cych mu prawach. Informacje te mog\u0105 by\u0107 udzielone w wiadomo\u015bci email.<\/p>\n<p>20. Dane osobowe U\u017cytkownik\u00f3w mog\u0105 by\u0107 za ich zgod\u0105 udost\u0119pniane podmiotom trzecim, je\u017celi uzasadnione jest to charakterem \u015bwiadczenia, a celem jest w\u0142a\u015bciwa realizacja zada\u0144 przez Sklep. Pa\u0144stwa dane osobowe mog\u0105 by\u0107 przekazywane operatorowi p\u0142atno\u015bci oraz firmie kurierskiej.<\/p>\n<p>21. Komunikacja elektroniczna mi\u0119dzy sprz\u0119tem U\u017cytkownika a Sklepem podczas gromadzenia danych osobowych jest zaszyfrowana (SSL). Bazy danych zabezpieczone s\u0105 przed nieuprawnionym dost\u0119pem do nich przez osoby trzecie.<\/p>\n<p>22. U\u017cytkownik ma prawo wniesienia skargi do organu nadzorczego zajmuj\u0105cego si\u0119 ochron\u0105 danych osobowych, tj. Prezesa Urz\u0119du Ochrony Danych Osobowych UODO (do 25 maja 2018 r. GIODO), ul. Stawki 2, 00-193 Warszawa.<\/p>\n<h4><\/h4>\n","protected":false},"excerpt":{"rendered":"<p>1.\u00a0 Administratorem Danych w Sklepie niedobylska.com\/burn-it\/ zwanym dalej &#8220;Sklep&#8221; jest IT PLATFORMS Prosta Sp\u00f3\u0142ka Akcyjna z siedzib\u0105 w Warszawie, NIP 5214061510, REGON 528078625, zarejestrowany w KRS pod nr 0001094186 przez S\u0105d Rejestrowy w Warszawie, tel. +48 888 279 634, e-mail: info@burn-it.pl. 2. Kontakt ze Sklepem Internetowym jest mo\u017cliwy za po\u015brednictwem poczty elektronicznej oraz pod numerem [&hellip;]<\/p>\n","protected":false},"author":2598,"featured_media":0,"parent":0,"menu_order":0,"comment_status":"closed","ping_status":"closed","template":"","meta":{"_acf_changed":false,"footnotes":""},"class_list":["post-3","page","type-page","status-publish","hentry"],"acf":[],"_links":{"self":[{"href":"https:\/\/niedobylska.com\/burn-it\/wp-json\/wp\/v2\/pages\/3","targetHints":{"allow":["GET"]}}],"collection":[{"href":"https:\/\/niedobylska.com\/burn-it\/wp-json\/wp\/v2\/pages"}],"about":[{"href":"https:\/\/niedobylska.com\/burn-it\/wp-json\/wp\/v2\/types\/page"}],"author":[{"embeddable":true,"href":"https:\/\/niedobylska.com\/burn-it\/wp-json\/wp\/v2\/users\/2598"}],"replies":[{"embeddable":true,"href":"https:\/\/niedobylska.com\/burn-it\/wp-json\/wp\/v2\/comments?post=3"}],"version-history":[{"count":11,"href":"https:\/\/niedobylska.com\/burn-it\/wp-json\/wp\/v2\/pages\/3\/revisions"}],"predecessor-version":[{"id":34362,"href":"https:\/\/niedobylska.com\/burn-it\/wp-json\/wp\/v2\/pages\/3\/revisions\/34362"}],"wp:attachment":[{"href":"https:\/\/niedobylska.com\/burn-it\/wp-json\/wp\/v2\/media?parent=3"}],"curies":[{"name":"wp","href":"https:\/\/api.w.org\/{rel}","templated":true}]}}