{"id":29052,"date":"2024-01-08T12:04:57","date_gmt":"2024-01-08T11:04:57","guid":{"rendered":"https:\/\/niedobylska.com\/burn-it\/kursy-copy\/"},"modified":"2024-11-29T14:06:41","modified_gmt":"2024-11-29T13:06:41","slug":"ebooki","status":"publish","type":"page","link":"https:\/\/niedobylska.com\/burn-it\/ebooki\/","title":{"rendered":"ebooki"},"content":{"rendered":"","protected":false},"excerpt":{"rendered":"","protected":false},"author":12,"featured_media":0,"parent":0,"menu_order":0,"comment_status":"closed","ping_status":"closed","template":"templates\/landing.php","meta":{"_acf_changed":false,"footnotes":""},"class_list":["post-29052","page","type-page","status-publish","hentry"],"acf":{"kolor_przewodni":"red","sekcja_glowna":{"naglowek":"E-BOOKI","kolor":"#f34848","podnaglowek":"Zainwestuj w swoje zdrowie z naszymi ebookami!","podnaglowek_kolor":"","dodatkowy_akapit":"Witaj na naszej platformie, gdzie zdrowie staje si\u0119 pasj\u0105, a edukacja otwiera drzwi do lepszej formy i pe\u0142niejszego \u017cycia! Odkryj nasze niezwyk\u0142e ebooki, kt\u00f3re przekszta\u0142c\u0105 Twoje podej\u015bcie do treningu, diety i  szeroko poj\u0119tego dobrostanu.","dodatkowy_akapit_kolor":"","zdjecie_tla":"https:\/\/niedobylska.com\/burn-it\/wp-content\/uploads\/2024\/11\/ebooki.png","zdjecie_tla_mobile":false,"film":{"grafika_w_tle":false,"video":""}},"sekcje":[{"acf_fc_layout":"tekst","naglowek":"Wybierz sw\u00f3j e-book","czytaj_dalej":false,"tresc":"","id_sekcji":""},{"acf_fc_layout":"obrazki_z_linkami","obrazy":[{"obraz":{"ID":31901,"id":31901,"title":"ebook kontrola g\u0142odu","filename":"ebook-kontrola-glodu-1.png","filesize":3227162,"url":"https:\/\/niedobylska.com\/burn-it\/wp-content\/uploads\/2024\/11\/ebook-kontrola-glodu-1.png","link":"https:\/\/niedobylska.com\/burn-it\/ebooki\/ebook-kontrola-glodu-2\/","alt":"","author":"659","description":"","caption":"","name":"ebook-kontrola-glodu-2","status":"inherit","uploaded_to":29052,"date":"2024-11-29 13:05:21","modified":"2024-11-29 13:05:21","menu_order":0,"mime_type":"image\/png","type":"image","subtype":"png","icon":"https:\/\/niedobylska.com\/burn-it\/wp-includes\/images\/media\/default.png","width":1920,"height":1300,"sizes":{"thumbnail":"https:\/\/niedobylska.com\/burn-it\/wp-content\/uploads\/2024\/11\/ebook-kontrola-glodu-1-150x150.png","thumbnail-width":150,"thumbnail-height":150,"medium":"https:\/\/niedobylska.com\/burn-it\/wp-content\/uploads\/2024\/11\/ebook-kontrola-glodu-1-300x203.png","medium-width":300,"medium-height":203,"medium_large":"https:\/\/niedobylska.com\/burn-it\/wp-content\/uploads\/2024\/11\/ebook-kontrola-glodu-1-768x520.png","medium_large-width":640,"medium_large-height":433,"large":"https:\/\/niedobylska.com\/burn-it\/wp-content\/uploads\/2024\/11\/ebook-kontrola-glodu-1-1024x693.png","large-width":640,"large-height":433,"1536x1536":"https:\/\/niedobylska.com\/burn-it\/wp-content\/uploads\/2024\/11\/ebook-kontrola-glodu-1-1536x1040.png","1536x1536-width":1536,"1536x1536-height":1040,"2048x2048":"https:\/\/niedobylska.com\/burn-it\/wp-content\/uploads\/2024\/11\/ebook-kontrola-glodu-1.png","2048x2048-width":1920,"2048x2048-height":1300,"gamipress-points":"https:\/\/niedobylska.com\/burn-it\/wp-content\/uploads\/2024\/11\/ebook-kontrola-glodu-1-50x34.png","gamipress-points-width":50,"gamipress-points-height":34,"gamipress-achievement":"https:\/\/niedobylska.com\/burn-it\/wp-content\/uploads\/2024\/11\/ebook-kontrola-glodu-1-100x68.png","gamipress-achievement-width":100,"gamipress-achievement-height":68,"gamipress-rank":"https:\/\/niedobylska.com\/burn-it\/wp-content\/uploads\/2024\/11\/ebook-kontrola-glodu-1-100x68.png","gamipress-rank-width":100,"gamipress-rank-height":68,"woocommerce_thumbnail":"https:\/\/niedobylska.com\/burn-it\/wp-content\/uploads\/2024\/11\/ebook-kontrola-glodu-1-300x300.png","woocommerce_thumbnail-width":300,"woocommerce_thumbnail-height":300,"woocommerce_single":"https:\/\/niedobylska.com\/burn-it\/wp-content\/uploads\/2024\/11\/ebook-kontrola-glodu-1-600x406.png","woocommerce_single-width":600,"woocommerce_single-height":406,"woocommerce_gallery_thumbnail":"https:\/\/niedobylska.com\/burn-it\/wp-content\/uploads\/2024\/11\/ebook-kontrola-glodu-1-100x100.png","woocommerce_gallery_thumbnail-width":100,"woocommerce_gallery_thumbnail-height":100}},"tytul":"Kontrola g\u0142odu i syto\u015bci","link":{"title":"e-book \u2013 Kontrola g\u0142odu i sytosci","url":"https:\/\/niedobylska.com\/burn-it\/kontrola-glodu-i-sytosci\/","target":""}},{"obraz":{"ID":31900,"id":31900,"title":"ebook placki","filename":"ebook-placki.png","filesize":4009241,"url":"https:\/\/niedobylska.com\/burn-it\/wp-content\/uploads\/2024\/11\/ebook-placki.png","link":"https:\/\/niedobylska.com\/burn-it\/ebooki\/ebook-placki\/","alt":"","author":"659","description":"","caption":"","name":"ebook-placki","status":"inherit","uploaded_to":29052,"date":"2024-11-29 13:05:07","modified":"2024-11-29 13:05:07","menu_order":0,"mime_type":"image\/png","type":"image","subtype":"png","icon":"https:\/\/niedobylska.com\/burn-it\/wp-includes\/images\/media\/default.png","width":1920,"height":1300,"sizes":{"thumbnail":"https:\/\/niedobylska.com\/burn-it\/wp-content\/uploads\/2024\/11\/ebook-placki-150x150.png","thumbnail-width":150,"thumbnail-height":150,"medium":"https:\/\/niedobylska.com\/burn-it\/wp-content\/uploads\/2024\/11\/ebook-placki-300x203.png","medium-width":300,"medium-height":203,"medium_large":"https:\/\/niedobylska.com\/burn-it\/wp-content\/uploads\/2024\/11\/ebook-placki-768x520.png","medium_large-width":640,"medium_large-height":433,"large":"https:\/\/niedobylska.com\/burn-it\/wp-content\/uploads\/2024\/11\/ebook-placki-1024x693.png","large-width":640,"large-height":433,"1536x1536":"https:\/\/niedobylska.com\/burn-it\/wp-content\/uploads\/2024\/11\/ebook-placki-1536x1040.png","1536x1536-width":1536,"1536x1536-height":1040,"2048x2048":"https:\/\/niedobylska.com\/burn-it\/wp-content\/uploads\/2024\/11\/ebook-placki.png","2048x2048-width":1920,"2048x2048-height":1300,"gamipress-points":"https:\/\/niedobylska.com\/burn-it\/wp-content\/uploads\/2024\/11\/ebook-placki-50x34.png","gamipress-points-width":50,"gamipress-points-height":34,"gamipress-achievement":"https:\/\/niedobylska.com\/burn-it\/wp-content\/uploads\/2024\/11\/ebook-placki-100x68.png","gamipress-achievement-width":100,"gamipress-achievement-height":68,"gamipress-rank":"https:\/\/niedobylska.com\/burn-it\/wp-content\/uploads\/2024\/11\/ebook-placki-100x68.png","gamipress-rank-width":100,"gamipress-rank-height":68,"woocommerce_thumbnail":"https:\/\/niedobylska.com\/burn-it\/wp-content\/uploads\/2024\/11\/ebook-placki-300x300.png","woocommerce_thumbnail-width":300,"woocommerce_thumbnail-height":300,"woocommerce_single":"https:\/\/niedobylska.com\/burn-it\/wp-content\/uploads\/2024\/11\/ebook-placki-600x406.png","woocommerce_single-width":600,"woocommerce_single-height":406,"woocommerce_gallery_thumbnail":"https:\/\/niedobylska.com\/burn-it\/wp-content\/uploads\/2024\/11\/ebook-placki-100x100.png","woocommerce_gallery_thumbnail-width":100,"woocommerce_gallery_thumbnail-height":100}},"tytul":"Nasze najlepsze pancake's i nale\u015bniki","link":{"title":"ebook \u2013 Nasze najlepsze placki","url":"https:\/\/niedobylska.com\/burn-it\/pankejki-placki-nalesniki\/","target":""}}],"id_sekcji":""}],"sekcja_kontaktowa":{"naglowek":"","podnaglowek":"","shortcode_formularza":"","tekst_w_tle_pierwszy":"","tekst_w_tle_drugi":"","tekst_przed_linkami_do_innych_planow":"","linki_do_innych_planow":false}},"_links":{"self":[{"href":"https:\/\/niedobylska.com\/burn-it\/wp-json\/wp\/v2\/pages\/29052","targetHints":{"allow":["GET"]}}],"collection":[{"href":"https:\/\/niedobylska.com\/burn-it\/wp-json\/wp\/v2\/pages"}],"about":[{"href":"https:\/\/niedobylska.com\/burn-it\/wp-json\/wp\/v2\/types\/page"}],"author":[{"embeddable":true,"href":"https:\/\/niedobylska.com\/burn-it\/wp-json\/wp\/v2\/users\/12"}],"replies":[{"embeddable":true,"href":"https:\/\/niedobylska.com\/burn-it\/wp-json\/wp\/v2\/comments?post=29052"}],"version-history":[{"count":22,"href":"https:\/\/niedobylska.com\/burn-it\/wp-json\/wp\/v2\/pages\/29052\/revisions"}],"predecessor-version":[{"id":31904,"href":"https:\/\/niedobylska.com\/burn-it\/wp-json\/wp\/v2\/pages\/29052\/revisions\/31904"}],"wp:attachment":[{"href":"https:\/\/niedobylska.com\/burn-it\/wp-json\/wp\/v2\/media?parent=29052"}],"curies":[{"name":"wp","href":"https:\/\/api.w.org\/{rel}","templated":true}]}}