{"id":18084,"date":"2021-11-08T10:13:46","date_gmt":"2021-11-08T09:13:46","guid":{"rendered":"https:\/\/niedobylska.com\/burn-it\/strongsiostra-copy\/"},"modified":"2024-11-29T14:13:47","modified_gmt":"2024-11-29T13:13:47","slug":"strongsiostra","status":"publish","type":"page","link":"https:\/\/niedobylska.com\/burn-it\/strongsiostra\/","title":{"rendered":"StrongSiostra G\u0142\u00f3wna"},"content":{"rendered":"","protected":false},"excerpt":{"rendered":"","protected":false},"author":659,"featured_media":0,"parent":0,"menu_order":0,"comment_status":"closed","ping_status":"closed","template":"templates\/landing.php","meta":{"_acf_changed":false,"footnotes":""},"class_list":["post-18084","page","type-page","status-publish","hentry"],"acf":{"kolor_przewodni":"salom_pink_light","sekcja_glowna":{"naglowek":"","kolor":"","podnaglowek":"WITAJ, <span class=\"light-weight\">STRONG<\/span>SIOSTRO!","podnaglowek_kolor":"","dodatkowy_akapit":"Zapraszam Ci\u0119 do przestrzeni, w kt\u00f3rej pozwalamy sobie wreszcie zluzowa\u0107. <\/br>Tak po ludzku \u2013 odpocz\u0105\u0107.<\/br> Od presji, od wzorc\u00f3w spo\u0142ecznych, od czyjego\u015b zdania na sw\u00f3j temat.<\/br> Od W\u0141ASNEGO zdania na sw\u00f3j temat?<\/br> <\/br>  Co si\u0119 stanie, gdy nagle przestaniesz zasuwa\u0107, jak chomik w ko\u0142owrotku i wszystkich zadowala\u0107?<\/br> B\u0119dziesz w jaki\u015b spos\u00f3b GORSZA?<\/br>  Poszukajmy. <\/br><\/br> W najgorszym wypadku, gdy zatrzymasz si\u0119 ze mn\u0105 na chwil\u0119, us\u0142yszysz swoje PRAWDZIWE potrzeby ;D<\/br> To STRASZNE!<\/br> Ale przecie\u017c nie jeste\u015b SAMA!<\/br> Ja jestem tu z Tob\u0105.","dodatkowy_akapit_kolor":"","zdjecie_tla":"https:\/\/niedobylska.com\/burn-it\/wp-content\/uploads\/2021\/11\/strona-glowna-foto.jpg","zdjecie_tla_mobile":"https:\/\/niedobylska.com\/burn-it\/wp-content\/uploads\/2022\/03\/ZMIANA-3-1.jpg","film":{"grafika_w_tle":false,"video":""}},"sekcje":[{"acf_fc_layout":"sekcja_z_linkami","tytul":"StrongSiostra","linki":[{"link":{"title":"Zmiana","url":"https:\/\/niedobylska.com\/burn-it\/strongsiostra-zmiana\/","target":""}},{"link":{"title":"G\u0142os","url":"https:\/\/niedobylska.com\/burn-it\/strongsiostra-glos\/","target":""}},{"link":{"title":"Cia\u0142o i obecno\u015b\u0107","url":"https:\/\/niedobylska.com\/burn-it\/strongsiostra-cialo-i-obecnosc\/","target":""}},{"link":{"title":"Ludzie Lustra","url":"https:\/\/niedobylska.com\/burn-it\/strongsiostra-ludzie-lustra\/","target":""}},{"link":{"title":"Autoagresja","url":"https:\/\/niedobylska.com\/burn-it\/strongsiostra-autoagresja\/","target":""}},{"link":{"title":"Granice","url":"https:\/\/niedobylska.com\/burn-it\/strongsiostra-granice\/","target":""}},{"link":{"title":"Odpowiedzialno\u015b\u0107","url":"https:\/\/niedobylska.com\/burn-it\/strongsiostra-odpowiedzialnosc\/","target":""}},{"link":{"title":"Moc","url":"https:\/\/niedobylska.com\/burn-it\/strongsiostra-moc\/","target":""}},{"link":{"title":"Mi\u0142o\u015b\u0107","url":"https:\/\/niedobylska.com\/burn-it\/strongsiostra-milosc\/","target":""}},{"link":{"title":"Kim jeste\u015b","url":"https:\/\/niedobylska.com\/burn-it\/strongsiostra-kim-jestes\/","target":""}},{"link":{"title":"Odpoczynek","url":"https:\/\/niedobylska.com\/burn-it\/strongsiostra-odpoczynek\/","target":""}},{"link":{"title":"Integracja","url":"https:\/\/niedobylska.com\/burn-it\/strongsiostra-integracja\/","target":""}}]},{"acf_fc_layout":"tekst","naglowek":"CO CHC\u0118 CI ZAOFEROWA\u0106?","czytaj_dalej":false,"tresc":"<p><span style=\"font-weight: 400; font-size: 14pt;\">Bior\u0105c udzia\u0142 w kampanii nie tylko pomagasz innym, ale przede wszystkim przez:<\/span><\/p>\n<p><span style=\"font-size: 14pt;\"><span style=\"font-weight: 400;\">\u23f1<\/span><span style=\"font-weight: 400;\">\u00a0 12 miesi\u0119cy,\u00a0<\/span><\/span><\/p>\n<p><span style=\"font-size: 14pt;\"><span style=\"font-weight: 400;\">\ud83d\udc63<\/span><span style=\"font-weight: 400;\">\u00a0 w 12 opracowanych przeze mnie krokach,\u00a0<\/span><\/span><\/p>\n<p><span style=\"font-size: 14pt;\"><span style=\"font-weight: 400;\">\ud83c\udfa5<\/span><span style=\"font-weight: 400;\">\u00a0 w 12 filmach wprowadzaj\u0105cych,\u00a0<\/span><\/span><\/p>\n<p><span style=\"font-size: 14pt;\"><span style=\"font-weight: 400;\">\ud83d\udcde<\/span><span style=\"font-weight: 400;\">\u00a0 12 rozmowach ze StrongSiostrami,\u00a0<\/span><\/span><\/p>\n<p><span style=\"font-size: 14pt;\"><span style=\"font-weight: 400;\">\ud83d\udd2c\u00a0 <\/span><span style=\"font-weight: 400;\">9 tekstach eksperckich\u00a0<\/span><\/span><\/p>\n<p><span style=\"font-weight: 400; font-size: 14pt;\">odnajdziesz inspiracj\u0119 do tego, jak ODZYSKA\u0106 SIEBIE i SWOJ\u0104 MOC.<\/span><\/p>\n<p>&nbsp;<\/p>\n<p><span style=\"font-weight: 400; font-size: 14pt;\">Moim celem jest pobudzi\u0107 Twoj\u0105 zmian\u0119 i pom\u00f3c Ci przej\u015b\u0107 przez ni\u0105 bardziej \u015bwiadomie. Podczas ca\u0142ej kampanii b\u0119d\u0119 wi\u0119c namawia\u0107 Ci\u0119 do chwili oddechu i refleksji.\u00a0<\/span><\/p>\n<p><span style=\"font-weight: 400; font-size: 14pt;\">A teraz zapraszam do obejrzenia pierwszego z dwunastu film\u00f3w, wspieraj\u0105cych akcj\u0119.\u00a0<\/span><\/p>\n<p><span style=\"font-weight: 400; font-size: 14pt;\">Mi\u0142ego ogl\u0105dania!\u00a0<\/span><\/p>\n","id_sekcji":"1"},{"acf_fc_layout":"zdjecie_i_tekst_wersja_2","naglowek":"DLACZEGO TO ROBI\u0118?","zdjecie":{"ID":18147,"id":18147,"title":"978A0028-2","filename":"978A0028-2.jpg","filesize":135250,"url":"https:\/\/niedobylska.com\/burn-it\/wp-content\/uploads\/2021\/11\/978A0028-2.jpg","link":"https:\/\/niedobylska.com\/burn-it\/strongsiostra\/978a0028-2\/","alt":"","author":"659","description":"","caption":"","name":"978a0028-2","status":"inherit","uploaded_to":18084,"date":"2021-11-08 19:26:01","modified":"2021-11-08 19:26:01","menu_order":0,"mime_type":"image\/jpeg","type":"image","subtype":"jpeg","icon":"https:\/\/niedobylska.com\/burn-it\/wp-includes\/images\/media\/default.png","width":1280,"height":1920,"sizes":{"thumbnail":"https:\/\/niedobylska.com\/burn-it\/wp-content\/uploads\/2021\/11\/978A0028-2-150x150.jpg","thumbnail-width":150,"thumbnail-height":150,"medium":"https:\/\/niedobylska.com\/burn-it\/wp-content\/uploads\/2021\/11\/978A0028-2-200x300.jpg","medium-width":200,"medium-height":300,"medium_large":"https:\/\/niedobylska.com\/burn-it\/wp-content\/uploads\/2021\/11\/978A0028-2-768x1152.jpg","medium_large-width":640,"medium_large-height":960,"large":"https:\/\/niedobylska.com\/burn-it\/wp-content\/uploads\/2021\/11\/978A0028-2-683x1024.jpg","large-width":640,"large-height":960,"1536x1536":"https:\/\/niedobylska.com\/burn-it\/wp-content\/uploads\/2021\/11\/978A0028-2-1024x1536.jpg","1536x1536-width":1024,"1536x1536-height":1536,"2048x2048":"https:\/\/niedobylska.com\/burn-it\/wp-content\/uploads\/2021\/11\/978A0028-2.jpg","2048x2048-width":1280,"2048x2048-height":1920,"gamipress-points":"https:\/\/niedobylska.com\/burn-it\/wp-content\/uploads\/2021\/11\/978A0028-2-33x50.jpg","gamipress-points-width":33,"gamipress-points-height":50,"gamipress-achievement":"https:\/\/niedobylska.com\/burn-it\/wp-content\/uploads\/2021\/11\/978A0028-2-67x100.jpg","gamipress-achievement-width":67,"gamipress-achievement-height":100,"gamipress-rank":"https:\/\/niedobylska.com\/burn-it\/wp-content\/uploads\/2021\/11\/978A0028-2-67x100.jpg","gamipress-rank-width":67,"gamipress-rank-height":100,"woocommerce_thumbnail":"https:\/\/niedobylska.com\/burn-it\/wp-content\/uploads\/2021\/11\/978A0028-2-300x300.jpg","woocommerce_thumbnail-width":300,"woocommerce_thumbnail-height":300,"woocommerce_single":"https:\/\/niedobylska.com\/burn-it\/wp-content\/uploads\/2021\/11\/978A0028-2-600x900.jpg","woocommerce_single-width":600,"woocommerce_single-height":900,"woocommerce_gallery_thumbnail":"https:\/\/niedobylska.com\/burn-it\/wp-content\/uploads\/2021\/11\/978A0028-2-100x100.jpg","woocommerce_gallery_thumbnail-width":100,"woocommerce_gallery_thumbnail-height":100}},"tresc":"<p><span style=\"font-weight: 400; font-size: 14pt;\">Od dw\u00f3ch lat prowadz\u0119 spo\u0142eczno\u015b\u0107 kobiet. Pomys\u0142 na ten projekt nosi\u0142am w sobie przez wiele miesi\u0119cy, ale jednym z kluczowych moment\u00f3w inicjuj\u0105cych by\u0142a ankieta, kt\u00f3r\u0105 zamie\u015bci\u0142am na swoim kanale. Kobiety wypowiada\u0142y si\u0119 w temacie: \u201eCzy s\u0142abo\u015b\u0107 rodzi si\u0142\u0119?\u201d. Wyniki mn\u0105 wstrz\u0105sn\u0119\u0142y. Okaza\u0142o si\u0119, \u017ce ca\u0142kiem du\u017ca grupa kobiet nie czuje si\u0119 bezpiecznie w domu i w miejscu pracy. Ponad 30% respondentek nie potrafi poprosi\u0107 o pomoc lub nie ma w swoim otoczeniu zaufanej osoby. Bardzo cz\u0119sto kobiety wspominaj\u0105 o potrzebie akceptacji i wsp\u00f3lnej motywacji. D\u0142ugo zastanawia\u0142am si\u0119, co mog\u0119 z tym zrobi\u0107. Czy jestem w stanie stworzy\u0107 projekt, kt\u00f3ry nie b\u0119dzie tylko pustym sloganem, ale spo\u0142eczn\u0105 kampani\u0105, gdzie kobiety mog\u0105 dosta\u0107 to, co jest im w tym momencie potrzebne? Kobiety. Setki r\u00f3\u017cnych kobiet. Z r\u00f3\u017cn\u0105 histori\u0105, motywacj\u0105, problemami. Prawdziwe wyzwanie.<\/span><\/p>\n<p><span style=\"font-weight: 400; font-size: 14pt;\">Wiem jedno, opieraj\u0105c si\u0119 na swoim w\u0142asnym do\u015bwiadczeniu i podaj\u0105c sprawdzone przeze mnie narz\u0119dzia mog\u0119 by\u0107 wiarygodna i przyczyni\u0107 si\u0119 do zmiany\u2026 Zmiany, kt\u00f3r\u0105 bardzo szczeg\u00f3lnie rozumiem.<\/span><\/p>\n<p><span style=\"font-weight: 400; font-size: 14pt;\">Mam refleksj\u0119, \u017ce od paru lat to, co ja traktuj\u0119 jako zmian\u0119, jest du\u017co bardziej ukryte. Zauwa\u017cy\u0142am po sobie, \u017ce im wi\u0119cej pracuj\u0119 nad sob\u0105 i jestem coraz bardziej \u015bwiadoma \u2013 to tym bardziej oddalam si\u0119 od idea\u0142u oczekiwa\u0144 innych i tego jak siebie widzia\u0142am kiedy\u015b, a mimo wszystko jestem coraz bardziej przy sobie.\u00a0<\/span><\/p>\n<p><span style=\"font-weight: 400; font-size: 14pt;\">Dlatego postanowi\u0142am zaprosi\u0107 Was wszystkie do roku refleksji nad tym co buduje nasz\u0105 to\u017csamo\u015b\u0107 \u2013 nie t\u0105 zewn\u0119trzn\u0105, fizyczn\u0105, zgodn\u0105 z oczekiwaniami, ale t\u0105 do wewn\u0105trz \u2013 dla mnie bardziej prawdziw\u0105.\u00a0<\/span><\/p>\n<p><span style=\"font-weight: 400; font-size: 14pt;\">Ta kampania jest o prawdzie, kt\u00f3ra jest w nas.<\/span><\/p>\n","id_sekcji":""},{"acf_fc_layout":"tekst","naglowek":"KIM JEST STRONGSIOSTRA?","czytaj_dalej":false,"tresc":"<p><span style=\"font-weight: 400; font-size: 14pt;\">W jakim\u015b momencie u\u015bwiadomi\u0142am sobie, \u017ce ju\u017c nie tylko \u0107wicz\u0119 i rozmawiam z podopiecznymi o diecie, ale te\u017c towarzysz\u0119 im w wa\u017cnych \u017cyciowych chwilach i wymieniam si\u0119 wsparciem oraz do\u015bwiadczeniami. To uruchomi\u0142o we mnie potrzeb\u0119 nazwania spo\u0142eczno\u015bci, jak\u0105 stworzy\u0142am, i narodzi\u0142o ide\u0119 StrongSi\u00f3str.<\/span><\/p>\n<p><span style=\"font-weight: 400; font-size: 14pt;\">Mo\u017cemy rozwija\u0107 si\u0119 w r\u00f3\u017cnym tempie, ale zawsze to ogromne szcz\u0119\u015bcie, by\u0107 otoczon\u0105 przez wyj\u0105tkowe kobiety, kt\u00f3re przebywaj\u0105 podobn\u0105 drog\u0119 i mog\u0105 s\u0142u\u017cy\u0107 swoj\u0105 wiedz\u0105 lub wsparciem. Kobieca energia jest absolutnie wyj\u0105tkowa. Poczu\u0107 si\u0119 cz\u0119\u015bci\u0105 takiego kr\u0119gu to warto\u015b\u0107 ponadprzeci\u0119tna. To StrongSiostry mnie podnosz\u0105 jak si\u0119 uginam i to one sprawiaj\u0105, \u017ce czuj\u0119 si\u0119 mocna.\u00a0\u00a0Dlatego ja te\u017c chc\u0119 by\u0107 dla nich wsparciem, kt\u00f3rego potrzebuj\u0105 i doradza\u0107 w miar\u0119 swoich mo\u017cliwo\u015bci i wgl\u0105d\u00f3w.<\/span><\/p>\n<p><span style=\"font-weight: 400; font-size: 14pt;\">Czy zatem StrongSiostra jest wsp\u00f3\u0142czesn\u0105 kobiet\u0105 idealn\u0105? Nie. Nie chcia\u0142abym te\u017c, \u017ceby do takiej aspirowa\u0142a. StrongSiostra to kobieta d\u0105\u017c\u0105ca do zintegrowania ze sob\u0105. Poszukuj\u0105ca siebie. Swojej mocy. Swoich warto\u015bci. Swojego sensu. I mam nadziej\u0119, \u017ce ta akcja przybli\u017cy j\u0105 ku temu, chocia\u017c o ma\u0142y krok.<\/span><\/p>\n","id_sekcji":"1"},{"acf_fc_layout":"tekst","naglowek":"Dlaczego wspieramy Centrum Praw Kobiet? ","czytaj_dalej":false,"tresc":"<p><span style=\"font-size: 14pt;\">Chcia\u0142abym Ci wyja\u015bni\u0107, dlaczego postanowi\u0142am przekaza\u0107 10% zysku ze sprzeda\u017cy produkt\u00f3w STRONGSIOSTRA (kt\u00f3rych ju\u017c niestety nie ma).<\/span><\/p>\n<p><span style=\"font-size: 14pt;\"><strong>Misj\u0105 CPK jest przeciwdzia\u0142anie wszelkim formom przemocy i dyskryminacji kobiet w \u017cyciu prywatnym, publicznym i zawodowym w spos\u00f3b, kt\u00f3ry \u2013 jak dla mnie \u2013 w pe\u0142ni realizuje ide\u0119 siostrze\u0144stwa \u2013 kobiety pomagaj\u0105 innym kobietom.<\/strong><\/span><\/p>\n<p><span style=\"font-size: 14pt;\">W 2019 roku fundacja w kontakcie bezpo\u015brednim pomog\u0142a blisko 3900 kobietom, udzieli\u0142a 9789 konsultacji, w tym 4996 psychologicznych i 3774 prawnych. Ponadto kilka tysi\u0119cy zg\u0142aszaj\u0105cych otrzyma\u0142o dzi\u0119ki niej pomoc telefoniczn\u0105 lub mailow\u0105.<\/span><\/p>\n<p><span style=\"font-size: 14pt;\">Te liczby m\u00f3wi\u0105 same za siebie.<\/span><\/p>\n<p><span style=\"font-size: 14pt;\">Sama wiem, \u017ce wiara w siebie to proces, na kt\u00f3ry potrzebny jest czas. Na swoim przyk\u0142adzie sprawdzi\u0142am, \u017ce dawanie narz\u0119dzi, a nie gotowych rozwi\u0105za\u0144 ma w nim najwi\u0119kszy sens. \u015awiadome decyzje to te pochodz\u0105ce z wn\u0119trza, poparte g\u0142\u0119bokim, wewn\u0119trznym przekonaniem.<\/span><\/p>\n<p><span style=\"font-size: 14pt;\">Dlatego misja fundacji jak \u017cadna inna pasuje do drogi, jak\u0105 chcia\u0142am Wam przedstawi\u0107 w kampanii STRONGSIOSTRA. Drogi odzyskiwania SIEBIE oraz SWOJEJ MOCY.<\/span><\/p>\n<p>&nbsp;<\/p>\n<p><span style=\"font-size: 14pt;\">Dzi\u0119kuj\u0119 Ci za dotychczasowe wsparcie.<\/span><\/p>\n<p><span style=\"font-size: 14pt;\">Pami\u0119tajmy:<\/span><\/p>\n<p><span style=\"font-size: 14pt;\">Razem jeste\u015bmy silniejsze!<\/span><\/p>\n","id_sekcji":"1"},{"acf_fc_layout":"zdjecie_w_tle_z_tekstem_wersja_2","zdjecie_tlo":{"ID":25510,"id":25510,"title":"strongsiostra strona glowna","filename":"strongsiostra-strona-glowna.jpg","filesize":247192,"url":"https:\/\/niedobylska.com\/burn-it\/wp-content\/uploads\/2023\/03\/strongsiostra-strona-glowna.jpg","link":"https:\/\/niedobylska.com\/burn-it\/strongsiostra\/strongsiostra-strona-glowna\/","alt":"","author":"659","description":"","caption":"","name":"strongsiostra-strona-glowna","status":"inherit","uploaded_to":18084,"date":"2023-03-29 08:50:52","modified":"2023-03-29 08:50:52","menu_order":0,"mime_type":"image\/jpeg","type":"image","subtype":"jpeg","icon":"https:\/\/niedobylska.com\/burn-it\/wp-includes\/images\/media\/default.png","width":1920,"height":1000,"sizes":{"thumbnail":"https:\/\/niedobylska.com\/burn-it\/wp-content\/uploads\/2023\/03\/strongsiostra-strona-glowna-150x150.jpg","thumbnail-width":150,"thumbnail-height":150,"medium":"https:\/\/niedobylska.com\/burn-it\/wp-content\/uploads\/2023\/03\/strongsiostra-strona-glowna-300x156.jpg","medium-width":300,"medium-height":156,"medium_large":"https:\/\/niedobylska.com\/burn-it\/wp-content\/uploads\/2023\/03\/strongsiostra-strona-glowna-768x400.jpg","medium_large-width":640,"medium_large-height":333,"large":"https:\/\/niedobylska.com\/burn-it\/wp-content\/uploads\/2023\/03\/strongsiostra-strona-glowna-1024x533.jpg","large-width":640,"large-height":333,"1536x1536":"https:\/\/niedobylska.com\/burn-it\/wp-content\/uploads\/2023\/03\/strongsiostra-strona-glowna-1536x800.jpg","1536x1536-width":1536,"1536x1536-height":800,"2048x2048":"https:\/\/niedobylska.com\/burn-it\/wp-content\/uploads\/2023\/03\/strongsiostra-strona-glowna.jpg","2048x2048-width":1920,"2048x2048-height":1000,"gamipress-points":"https:\/\/niedobylska.com\/burn-it\/wp-content\/uploads\/2023\/03\/strongsiostra-strona-glowna-50x26.jpg","gamipress-points-width":50,"gamipress-points-height":26,"gamipress-achievement":"https:\/\/niedobylska.com\/burn-it\/wp-content\/uploads\/2023\/03\/strongsiostra-strona-glowna-100x52.jpg","gamipress-achievement-width":100,"gamipress-achievement-height":52,"gamipress-rank":"https:\/\/niedobylska.com\/burn-it\/wp-content\/uploads\/2023\/03\/strongsiostra-strona-glowna-100x52.jpg","gamipress-rank-width":100,"gamipress-rank-height":52,"woocommerce_thumbnail":"https:\/\/niedobylska.com\/burn-it\/wp-content\/uploads\/2023\/03\/strongsiostra-strona-glowna-300x300.jpg","woocommerce_thumbnail-width":300,"woocommerce_thumbnail-height":300,"woocommerce_single":"https:\/\/niedobylska.com\/burn-it\/wp-content\/uploads\/2023\/03\/strongsiostra-strona-glowna-600x313.jpg","woocommerce_single-width":600,"woocommerce_single-height":313,"woocommerce_gallery_thumbnail":"https:\/\/niedobylska.com\/burn-it\/wp-content\/uploads\/2023\/03\/strongsiostra-strona-glowna-100x100.jpg","woocommerce_gallery_thumbnail-width":100,"woocommerce_gallery_thumbnail-height":100}},"naglowek":"MOJA HISTORIA","podnaglowek":"\"SABBATICAL\"","tekst":"<div class=\"x11i5rnm xat24cr x1mh8g0r x1vvkbs xtlvy1s x126k92a\">\n<div dir=\"auto\"><span style=\"font-size: 14pt;\">Mniej wi\u0119cej rok temu stan\u0119\u0142am przed wyborem.<\/span><\/div>\n<div dir=\"auto\"><span style=\"font-size: 14pt;\">Albo odejd\u0119 z pracy&#8230; albo powa\u017cnie zachoruje.<\/span><\/div>\n<div dir=\"auto\"><span style=\"font-size: 14pt;\">Sama nie wiedzia\u0142am wtedy co mi jest.<\/span><\/div>\n<\/div>\n<div class=\"x11i5rnm xat24cr x1mh8g0r x1vvkbs xtlvy1s x126k92a\">\n<div dir=\"auto\"><span style=\"font-size: 14pt;\">By\u0142am chora fizycznie i psychicznie.<\/span><\/div>\n<div dir=\"auto\"><span style=\"font-size: 14pt;\">I nawet jak teraz wspominam ten czas to mam \u015bwieczki w oczach.<\/span><\/div>\n<\/div>\n<div class=\"x11i5rnm xat24cr x1mh8g0r x1vvkbs xtlvy1s x126k92a\">\n<div dir=\"auto\"><span style=\"font-size: 14pt;\">Stany rozdra\u017cnienia i wkurwu na przemian z ogromnym smutkiem by\u0142y moj\u0105 codzienno\u015bci\u0105. P\u0142aka\u0142am ws\u0142uchuj\u0105c si\u0119 w swoje cia\u0142o. Na zmian\u0119 desperacko szukaj\u0105c pomocy u innych. Miota\u0142am si\u0119 jak dzika kura w agre\u015bcie. By\u0142o mi niewygodnie. By\u0142o mi \u017ale!<\/span><\/div>\n<div dir=\"auto\"><span style=\"font-size: 14pt;\">Dlaczego? Wtedy jeszcze nie wiedzia\u0142am.<\/span><\/div>\n<div dir=\"auto\">&#8230;<\/div>\n<\/div>\n","kolor_tekstu":"#FFFFFF","justowanie":"dwietrzecie","zmiana_szerokosci_tekstu":"","id_sekcji":""},{"acf_fc_layout":"przycisk_standardowy","przycisk":{"title":"czytaj dalej","url":"https:\/\/niedobylska.com\/burn-it\/strongsiostra\/moja-historia-sabbatical\/","target":""},"id_sekcji":""},{"acf_fc_layout":"tekst","naglowek":"ZOBACZ KOLEJNE ODKRYTE MIESI\u0104CE KAMPANII STRONGSIOSTRA","czytaj_dalej":false,"tresc":"<p style=\"text-align: center;\"><span style=\"font-size: 18pt;\">Ka\u017cdy nowy miesi\u0105c, pocz\u0105wszy od pa\u017adziernika 2021 r. to nowy temat. Nowa refleksja. <\/span><\/p>\n<p style=\"text-align: center;\"><span style=\"font-size: 14pt;\">Zapraszam Ci\u0119 do przej\u015bcia na pierwszy, a potem na kolejne miesi\u0105ce kampanii.\u00a0<\/span><\/p>\n","id_sekcji":""},{"acf_fc_layout":"zdjecie_i_tekst_wersja_1","zdjecie":{"ID":18076,"id":18076,"title":"IMG_0201","filename":"IMG_0201.jpg","filesize":1620338,"url":"https:\/\/niedobylska.com\/burn-it\/wp-content\/uploads\/2021\/11\/IMG_0201.jpg","link":"https:\/\/niedobylska.com\/burn-it\/strongsiostra-zmiana\/img_0201\/","alt":"","author":"659","description":"","caption":"","name":"img_0201","status":"inherit","uploaded_to":15442,"date":"2021-11-08 09:07:11","modified":"2021-11-08 09:07:11","menu_order":0,"mime_type":"image\/jpeg","type":"image","subtype":"jpeg","icon":"https:\/\/niedobylska.com\/burn-it\/wp-includes\/images\/media\/default.png","width":1280,"height":1920,"sizes":{"thumbnail":"https:\/\/niedobylska.com\/burn-it\/wp-content\/uploads\/2021\/11\/IMG_0201-150x150.jpg","thumbnail-width":150,"thumbnail-height":150,"medium":"https:\/\/niedobylska.com\/burn-it\/wp-content\/uploads\/2021\/11\/IMG_0201-200x300.jpg","medium-width":200,"medium-height":300,"medium_large":"https:\/\/niedobylska.com\/burn-it\/wp-content\/uploads\/2021\/11\/IMG_0201-768x1152.jpg","medium_large-width":640,"medium_large-height":960,"large":"https:\/\/niedobylska.com\/burn-it\/wp-content\/uploads\/2021\/11\/IMG_0201-683x1024.jpg","large-width":640,"large-height":960,"1536x1536":"https:\/\/niedobylska.com\/burn-it\/wp-content\/uploads\/2021\/11\/IMG_0201-1024x1536.jpg","1536x1536-width":1024,"1536x1536-height":1536,"2048x2048":"https:\/\/niedobylska.com\/burn-it\/wp-content\/uploads\/2021\/11\/IMG_0201.jpg","2048x2048-width":1280,"2048x2048-height":1920,"gamipress-points":"https:\/\/niedobylska.com\/burn-it\/wp-content\/uploads\/2021\/11\/IMG_0201-33x50.jpg","gamipress-points-width":33,"gamipress-points-height":50,"gamipress-achievement":"https:\/\/niedobylska.com\/burn-it\/wp-content\/uploads\/2021\/11\/IMG_0201-67x100.jpg","gamipress-achievement-width":67,"gamipress-achievement-height":100,"gamipress-rank":"https:\/\/niedobylska.com\/burn-it\/wp-content\/uploads\/2021\/11\/IMG_0201-67x100.jpg","gamipress-rank-width":67,"gamipress-rank-height":100,"woocommerce_thumbnail":"https:\/\/niedobylska.com\/burn-it\/wp-content\/uploads\/2021\/11\/IMG_0201-300x300.jpg","woocommerce_thumbnail-width":300,"woocommerce_thumbnail-height":300,"woocommerce_single":"https:\/\/niedobylska.com\/burn-it\/wp-content\/uploads\/2021\/11\/IMG_0201-600x900.jpg","woocommerce_single-width":600,"woocommerce_single-height":900,"woocommerce_gallery_thumbnail":"https:\/\/niedobylska.com\/burn-it\/wp-content\/uploads\/2021\/11\/IMG_0201-100x100.jpg","woocommerce_gallery_thumbnail-width":100,"woocommerce_gallery_thumbnail-height":100}},"naglowek":"","podnaglowek":"","tresc":"<p><strong>STRONA G\u0141\u00d3WNA.<\/strong> [tu jeste\u015b]<\/p>\n<p>1. <strong>ZMIANA<\/strong>. Sta\u0144 si\u0119 tym, kim jeste\u015b. <a href=\"https:\/\/niedobylska.com\/burn-it\/strongsiostra-zmiana\/\">[przejd\u017a&gt;&gt;]<\/a><\/p>\n<p>2. <strong>G\u0141OS<\/strong>. W g\u0142osie jest nasza moc. <a href=\"https:\/\/niedobylska.com\/burn-it\/strongsiostra-glos\/\">[przejd\u017a&gt;&gt;]<\/a><\/p>\n<p>3. <strong>CIA\u0141O I OBECNO\u015a\u0106<\/strong>. Czytanie cia\u0142a. Tu i teraz. <a href=\"https:\/\/niedobylska.com\/burn-it\/strongsiostra-cialo-i-obecnosc\/\">[przejd\u017a&gt;&gt;]<\/a><\/p>\n<p>4. <strong>LUDZIE LUSTRA<\/strong>. \u015awiadome bycie w relacji. [<a href=\"https:\/\/niedobylska.com\/burn-it\/strongsiostra-ludzie-lustra\/\">przejd\u017a&gt;&gt;<\/a>].<\/p>\n<p>5. <strong>AUTOAGRESJA<\/strong>. Atak na siebie. Dlaczego sobie to robisz? [<a href=\"https:\/\/niedobylska.com\/burn-it\/strongsiostra-autoagresja\">przejd\u017a&gt;&gt;<\/a>].<\/p>\n<p>6. <strong>GRANICE<\/strong>. Potrzeby. Stawanie za sob\u0105. [<a href=\"https:\/\/niedobylska.com\/burn-it\/strongsiostra-granice\">przejd\u017a&gt;&gt;<\/a>].<\/p>\n<p>7. <strong>ODPOWIEDZIALNO\u015a\u0106<\/strong>. Jest Twoja. [<a href=\"https:\/\/niedobylska.com\/burn-it\/strongsiostra-odpowiedzialnosc\">przejd\u017a&gt;&gt;<\/a>].<\/p>\n<p>8. <strong>MOC<\/strong>. Dlaczego uciekamy przed w\u0142asn\u0105 moc\u0105. [<a href=\"https:\/\/niedobylska.com\/burn-it\/strongsiostra-moc\/\">przejd\u017a&gt;&gt;<\/a>].<\/p>\n<p>9. <strong>MI\u0141O\u015a\u0106<\/strong>. Wielkie s\u0142owa nie zawstydzaj\u0105. <a href=\"https:\/\/niedobylska.com\/burn-it\/strongsiostra-milosc\/\">[przejd\u017a&gt;&gt;<\/a>].<\/p>\n<p>10. <strong>KIM JESTE\u015a<\/strong>. Pokaza\u0107 siebie. <a href=\"https:\/\/niedobylska.com\/burn-it\/strongsiostra-kim-jestes\/\">[przejd\u017a&gt;&gt;<\/a>].<\/p>\n<p>11. <strong>ODPOCZYNEK<\/strong>. Pozwoli\u0107 sobie? <a href=\"https:\/\/niedobylska.com\/burn-it\/strongsiostra-odpoczynek\/\">[przejd\u017a&gt;&gt;<\/a>].<\/p>\n<p>12. <strong>INTEGRACJA<\/strong>. Czu\u0142y obserwator. <a href=\"https:\/\/niedobylska.com\/burn-it\/strongsiostra-integracja\/\">[przejd\u017a&gt;&gt;<\/a>].<\/p>\n","napis_w_tle_pierwszy":"","napis_w_tle_drugi":"","id_sekcji":"","polozenie_obrazka":"lewo","szeroki_obrazek":false}],"sekcja_kontaktowa":{"naglowek":"Masz wi\u0119cej pyta\u0144?","podnaglowek":"Skontaktuj si\u0119 z nami!","shortcode_formularza":"[contact-form-7 id=\"6942\" title=\"Skontaktuj si\u0119\"]","tekst_w_tle_pierwszy":"KONTAKT","tekst_w_tle_drugi":"Z NAMI","tekst_przed_linkami_do_innych_planow":"","linki_do_innych_planow":false}},"_links":{"self":[{"href":"https:\/\/niedobylska.com\/burn-it\/wp-json\/wp\/v2\/pages\/18084","targetHints":{"allow":["GET"]}}],"collection":[{"href":"https:\/\/niedobylska.com\/burn-it\/wp-json\/wp\/v2\/pages"}],"about":[{"href":"https:\/\/niedobylska.com\/burn-it\/wp-json\/wp\/v2\/types\/page"}],"author":[{"embeddable":true,"href":"https:\/\/niedobylska.com\/burn-it\/wp-json\/wp\/v2\/users\/659"}],"replies":[{"embeddable":true,"href":"https:\/\/niedobylska.com\/burn-it\/wp-json\/wp\/v2\/comments?post=18084"}],"version-history":[{"count":5,"href":"https:\/\/niedobylska.com\/burn-it\/wp-json\/wp\/v2\/pages\/18084\/revisions"}],"predecessor-version":[{"id":31906,"href":"https:\/\/niedobylska.com\/burn-it\/wp-json\/wp\/v2\/pages\/18084\/revisions\/31906"}],"wp:attachment":[{"href":"https:\/\/niedobylska.com\/burn-it\/wp-json\/wp\/v2\/media?parent=18084"}],"curies":[{"name":"wp","href":"https:\/\/api.w.org\/{rel}","templated":true}]}}