{"id":14702,"date":"2021-07-29T12:29:43","date_gmt":"2021-07-29T10:29:43","guid":{"rendered":"https:\/\/niedobylska.com\/burn-it\/?page_id=14702"},"modified":"2024-04-27T11:19:15","modified_gmt":"2024-04-27T09:19:15","slug":"wysylka","status":"publish","type":"page","link":"https:\/\/niedobylska.com\/burn-it\/wysylka\/","title":{"rendered":"Wysy\u0142ka"},"content":{"rendered":"<h3>Cennik wysy\u0142ki | Polska<\/h3>\n<ul>\n<li>DPD &#8211; Kurier: 16 PLN<\/li>\n<li>InPost &#8211; Paczkomaty: 16 PLN<\/li>\n<li>InPost &#8211; Kurier: 16 PLN<\/li>\n<\/ul>\n<h3>Cennik wysy\u0142ki | Europa<\/h3>\n<p>Paczki mi\u0119dzynardowoe wysy\u0142amy kurierem UPS do poszczeg\u00f3lnych kraj\u00f3w:<\/p>\n<ul>\n<li>Czechy | Litwa | S\u0142owacja | Niemcy &#8211; 59 PLN<\/li>\n<li>Austria | Belgia &#8211; 69 PLN<\/li>\n<li>Dania | Estonia | Luksemburg | \u0141otwa | W\u0119gry &#8211; 79 PLN<\/li>\n<li>S\u0142owenia | Holandia &#8211; 89 PLN<\/li>\n<li>Francja | Portugalia &#8211; 99 PLN<\/li>\n<li>W\u0142ochy | Irlandia &#8211; 109 PLN<\/li>\n<li>Rumunia | Szwecja &#8211; 119 PLN<\/li>\n<li>Wielka Brytania &#8211; 129 PLN<\/li>\n<\/ul>\n<p>Je\u015bli potrzebujesz wysy\u0142ki do kraju kt\u00f3rego nie ma na powy\u017cszej li\u015bcie, skontaktuj si\u0119 z nami przez pomoc@burn-it.pl<\/p>\n<h3>Czas realizacji wysy\u0142ki<\/h3>\n<p>~72h<\/p>\n","protected":false},"excerpt":{"rendered":"<p>Cennik wysy\u0142ki | Polska DPD &#8211; Kurier: 16 PLN InPost &#8211; Paczkomaty: 16 PLN InPost &#8211; Kurier: 16 PLN Cennik wysy\u0142ki | Europa Paczki mi\u0119dzynardowoe wysy\u0142amy kurierem UPS do poszczeg\u00f3lnych kraj\u00f3w: Czechy | Litwa | S\u0142owacja | Niemcy &#8211; 59 PLN Austria | Belgia &#8211; 69 PLN Dania | Estonia | Luksemburg | \u0141otwa | [&hellip;]<\/p>\n","protected":false},"author":851,"featured_media":0,"parent":0,"menu_order":0,"comment_status":"closed","ping_status":"closed","template":"","meta":{"_acf_changed":false,"footnotes":""},"class_list":["post-14702","page","type-page","status-publish","hentry"],"acf":[],"_links":{"self":[{"href":"https:\/\/niedobylska.com\/burn-it\/wp-json\/wp\/v2\/pages\/14702","targetHints":{"allow":["GET"]}}],"collection":[{"href":"https:\/\/niedobylska.com\/burn-it\/wp-json\/wp\/v2\/pages"}],"about":[{"href":"https:\/\/niedobylska.com\/burn-it\/wp-json\/wp\/v2\/types\/page"}],"author":[{"embeddable":true,"href":"https:\/\/niedobylska.com\/burn-it\/wp-json\/wp\/v2\/users\/851"}],"replies":[{"embeddable":true,"href":"https:\/\/niedobylska.com\/burn-it\/wp-json\/wp\/v2\/comments?post=14702"}],"version-history":[{"count":6,"href":"https:\/\/niedobylska.com\/burn-it\/wp-json\/wp\/v2\/pages\/14702\/revisions"}],"predecessor-version":[{"id":30548,"href":"https:\/\/niedobylska.com\/burn-it\/wp-json\/wp\/v2\/pages\/14702\/revisions\/30548"}],"wp:attachment":[{"href":"https:\/\/niedobylska.com\/burn-it\/wp-json\/wp\/v2\/media?parent=14702"}],"curies":[{"name":"wp","href":"https:\/\/api.w.org\/{rel}","templated":true}]}}